{"id":6006,"date":"2026-02-02T21:42:55","date_gmt":"2026-02-02T20:42:55","guid":{"rendered":"https:\/\/larslighting.com\/?page_id=6006"},"modified":"2026-02-16T20:57:52","modified_gmt":"2026-02-16T19:57:52","slug":"lighting-fixtures","status":"publish","type":"page","link":"https:\/\/larslighting.com\/en\/lighting-fixtures\/","title":{"rendered":"Lighting Fixtures"},"content":{"rendered":"[vc_row type=&#8221;full_width_background&#8221; full_screen_row_position=&#8221;middle&#8221; column_margin=&#8221;default&#8221; column_direction=&#8221;default&#8221; column_direction_tablet=&#8221;default&#8221; column_direction_phone=&#8221;default&#8221; bg_color=&#8221;#ffffff&#8221; scene_position=&#8221;center&#8221; top_padding=&#8221;3%&#8221; top_padding_tablet=&#8221;16%&#8221; bottom_padding_tablet=&#8221;16%&#8221; text_color=&#8221;dark&#8221; text_align=&#8221;left&#8221; row_border_radius=&#8221;none&#8221; row_border_radius_applies=&#8221;bg&#8221; overflow=&#8221;visible&#8221; id=&#8221;projekty&#8221; advanced_gradient_angle=&#8221;0&#8243; overlay_strength=&#8221;0.3&#8243; gradient_direction=&#8221;left_to_right&#8221; shape_divider_color=&#8221;#000000&#8243; shape_divider_position=&#8221;top&#8221; bg_image_animation=&#8221;none&#8221; shape_type=&#8221;straight_section&#8221; gradient_type=&#8221;default&#8221;][vc_column column_padding=&#8221;no-extra-padding&#8221; column_padding_tablet=&#8221;inherit&#8221; column_padding_phone=&#8221;padding-4-percent&#8221; column_padding_position=&#8221;all&#8221; column_element_spacing=&#8221;0px&#8221; background_color_opacity=&#8221;1&#8243; background_hover_color_opacity=&#8221;1&#8243; column_shadow=&#8221;none&#8221; column_border_radius=&#8221;none&#8221; column_link_target=&#8221;_self&#8221; column_position=&#8221;default&#8221; advanced_gradient_angle=&#8221;0&#8243; gradient_direction=&#8221;left_to_right&#8221; overlay_strength=&#8221;0.3&#8243; width=&#8221;1\/1&#8243; tablet_width_inherit=&#8221;default&#8221; tablet_text_alignment=&#8221;default&#8221; phone_text_alignment=&#8221;default&#8221; animation_type=&#8221;default&#8221; bg_image_animation=&#8221;none&#8221; border_type=&#8221;simple&#8221; column_border_width=&#8221;none&#8221; column_border_style=&#8221;solid&#8221; gradient_type=&#8221;default&#8221;][vc_column_text]We are a manufacturer of lighting fixtures that allow users to maximise energy savings in a user-friendly way.<\/p>\n<p style=\"font-size: 13px;\">(Click on the selected <strong>INDEX<\/strong> to display its <strong>catalogue card<\/strong>)<\/p>\n[\/vc_column_text][\/vc_column][\/vc_row][vc_row type=&#8221;full_width_background&#8221; full_screen_row_position=&#8221;middle&#8221; column_margin=&#8221;default&#8221; column_direction=&#8221;default&#8221; column_direction_tablet=&#8221;default&#8221; column_direction_phone=&#8221;default&#8221; bg_color=&#8221;#ffffff&#8221; scene_position=&#8221;center&#8221; top_padding=&#8221;3%&#8221; top_padding_tablet=&#8221;16%&#8221; bottom_padding_tablet=&#8221;16%&#8221; text_color=&#8221;dark&#8221; text_align=&#8221;left&#8221; row_border_radius=&#8221;none&#8221; row_border_radius_applies=&#8221;bg&#8221; overflow=&#8221;visible&#8221; id=&#8221;projekty&#8221; advanced_gradient_angle=&#8221;0&#8243; overlay_strength=&#8221;0.3&#8243; gradient_direction=&#8221;left_to_right&#8221; shape_divider_color=&#8221;#000000&#8243; shape_divider_position=&#8221;top&#8221; bg_image_animation=&#8221;none&#8221; shape_type=&#8221;straight_section&#8221; gradient_type=&#8221;default&#8221;][vc_column column_padding=&#8221;no-extra-padding&#8221; column_padding_tablet=&#8221;inherit&#8221; column_padding_phone=&#8221;padding-4-percent&#8221; column_padding_position=&#8221;all&#8221; column_element_spacing=&#8221;0px&#8221; background_color_opacity=&#8221;1&#8243; background_hover_color_opacity=&#8221;1&#8243; column_shadow=&#8221;none&#8221; column_border_radius=&#8221;none&#8221; column_link_target=&#8221;_self&#8221; column_position=&#8221;default&#8221; advanced_gradient_angle=&#8221;0&#8243; gradient_direction=&#8221;left_to_right&#8221; overlay_strength=&#8221;0.3&#8243; width=&#8221;1\/1&#8243; tablet_width_inherit=&#8221;default&#8221; tablet_text_alignment=&#8221;default&#8221; phone_text_alignment=&#8221;default&#8221; animation_type=&#8221;default&#8221; bg_image_animation=&#8221;none&#8221; border_type=&#8221;simple&#8221; column_border_width=&#8221;none&#8221; column_border_style=&#8221;solid&#8221; gradient_type=&#8221;default&#8221;][vc_custom_heading text=&#8221;Office lighting&#8221; font_container=&#8221;tag:h4|text_align:left&#8221; use_theme_fonts=&#8221;yes&#8221;][vc_column_text]\n<table style=\"height: 390px;\" width=\"1673\">\n<tbody>\n<tr>\n<td width=\"97\"><\/td>\n<td width=\"208\"><strong>Index<\/strong><\/td>\n<td width=\"345\"><strong>Name<\/strong><\/td>\n<td width=\"71\"><strong>Power [W]<\/strong><\/td>\n<td width=\"115\"><strong>Light colour [K]<\/strong><\/td>\n<td width=\"128\"><strong>Light beam [lm]<\/strong><\/td>\n<td width=\"95\"><strong>Type of lampshade<\/strong><\/td>\n<td width=\"160\"><strong>Dimensions [mm]<\/strong><\/td>\n<td width=\"71\"><strong>IP<\/strong><\/td>\n<td width=\"208\"><strong>Type of installation<\/strong><\/td>\n<td width=\"175\"><strong>Control function<\/strong><\/td>\n<\/tr>\n<tr>\n<td style=\"text-align: center;\"><img data-src=\"https:\/\/larslighting.com\/wp-content\/uploads\/2022\/09\/SP-1.png\" src=\"data:image\/gif;base64,R0lGODlhAQABAAAAACH5BAEKAAEALAAAAAABAAEAAAICTAEAOw==\" class=\"lazyload\" style=\"--smush-placeholder-width: 1000px; --smush-placeholder-aspect-ratio: 1000\/750;\" \/><noscript><img data-src=\"https:\/\/larslighting.com\/wp-content\/uploads\/2022\/09\/SP-1.png\" src=\"data:image\/gif;base64,R0lGODlhAQABAAAAACH5BAEKAAEALAAAAAABAAEAAAICTAEAOw==\" class=\"lazyload\" style=\"--smush-placeholder-width: 1000px; --smush-placeholder-aspect-ratio: 1000\/750;\" \/><noscript><img src=\"https:\/\/larslighting.com\/wp-content\/uploads\/2022\/09\/SP-1.png\" \/><\/noscript><\/noscript><\/td>\n<td style=\"text-align: center;\"><a href=\"https:\/\/larslighting.com\/wp-content\/uploads\/2026\/02\/LL01-PA06-030-Smart-Panel-60x60-4300-840-MPRM.pdf\"><span style=\"color: #133d69;\"><strong>LL01-PA06-030<\/strong><\/span><\/a><\/td>\n<td>SMART PANEL 60&#215;60 4300\/840 MPRM<\/td>\n<td>30<\/td>\n<td>4000<\/td>\n<td>4020<\/td>\n<td>MPRM<\/td>\n<td>595\/595\/35<\/td>\n<td>44<\/td>\n<td>For flush mounting \/ Surface mounting<\/td>\n<td>+<\/td>\n<\/tr>\n<tr>\n<td><img data-src=\"https:\/\/larslighting.com\/wp-content\/uploads\/2022\/09\/SP-1.png\" src=\"data:image\/gif;base64,R0lGODlhAQABAAAAACH5BAEKAAEALAAAAAABAAEAAAICTAEAOw==\" class=\"lazyload\" style=\"--smush-placeholder-width: 1000px; --smush-placeholder-aspect-ratio: 1000\/750;\" \/><noscript><img data-src=\"https:\/\/larslighting.com\/wp-content\/uploads\/2022\/09\/SP-1.png\" src=\"data:image\/gif;base64,R0lGODlhAQABAAAAACH5BAEKAAEALAAAAAABAAEAAAICTAEAOw==\" class=\"lazyload\" style=\"--smush-placeholder-width: 1000px; --smush-placeholder-aspect-ratio: 1000\/750;\" \/><noscript><img src=\"https:\/\/larslighting.com\/wp-content\/uploads\/2022\/09\/SP-1.png\" \/><\/noscript><\/noscript><\/td>\n<td style=\"text-align: center;\"><a href=\"https:\/\/larslighting.com\/wp-content\/uploads\/2026\/02\/LL01-PA06-030-CCT-Smart-Panel-60x60-4300-CCT-MPRM.pdf\"><span style=\"color: #133d69;\"><strong>LL01-PA06-030-CCT<\/strong><\/span><\/a><\/td>\n<td>SMART PANEL 60&#215;60 4300\/CCT MPRM<\/td>\n<td>30<\/td>\n<td>2700-6500<\/td>\n<td>4020<\/td>\n<td>MPRM<\/td>\n<td>595\/595\/35<\/td>\n<td>44<\/td>\n<td>For flush mounting \/ Surface mounting<\/td>\n<td>+<\/td>\n<\/tr>\n<tr>\n<td style=\"text-align: center;\"><img data-src=\"https:\/\/larslighting.com\/wp-content\/uploads\/2023\/01\/smar-panel-led-295x1195-1.png\" src=\"data:image\/gif;base64,R0lGODlhAQABAAAAACH5BAEKAAEALAAAAAABAAEAAAICTAEAOw==\" class=\"lazyload\" style=\"--smush-placeholder-width: 791px; --smush-placeholder-aspect-ratio: 791\/537;\" \/><noscript><img data-src=\"https:\/\/larslighting.com\/wp-content\/uploads\/2023\/01\/smar-panel-led-295x1195-1.png\" src=\"data:image\/gif;base64,R0lGODlhAQABAAAAACH5BAEKAAEALAAAAAABAAEAAAICTAEAOw==\" class=\"lazyload\" style=\"--smush-placeholder-width: 791px; --smush-placeholder-aspect-ratio: 791\/537;\" \/><noscript><img src=\"https:\/\/larslighting.com\/wp-content\/uploads\/2023\/01\/smar-panel-led-295x1195-1.png\" \/><\/noscript><\/noscript><\/td>\n<td style=\"text-align: center;\"><a href=\"https:\/\/larslighting.com\/wp-content\/uploads\/2026\/02\/LL01-PA08-040-Smart-Panel-Long-120x30-5100-840-MPRM.pdf\"><span style=\"color: #133d69;\"><strong>LL01-PA08-040<\/strong><\/span><\/a><\/td>\n<td>SMART PANEL LONG 120&#215;30 5100\/840 MPRM<\/td>\n<td>40<\/td>\n<td>4000<\/td>\n<td>4960<\/td>\n<td>MPRM<\/td>\n<td>1195\/295\/40<\/td>\n<td>44<\/td>\n<td>For flush mounting \/ Surface mounting<\/td>\n<td>+<\/td>\n<\/tr>\n<tr>\n<td><img data-src=\"https:\/\/larslighting.com\/wp-content\/uploads\/2023\/01\/smar-panel-led-295x1195-1.png\" src=\"data:image\/gif;base64,R0lGODlhAQABAAAAACH5BAEKAAEALAAAAAABAAEAAAICTAEAOw==\" class=\"lazyload\" style=\"--smush-placeholder-width: 791px; --smush-placeholder-aspect-ratio: 791\/537;\" \/><noscript><img data-src=\"https:\/\/larslighting.com\/wp-content\/uploads\/2023\/01\/smar-panel-led-295x1195-1.png\" src=\"data:image\/gif;base64,R0lGODlhAQABAAAAACH5BAEKAAEALAAAAAABAAEAAAICTAEAOw==\" class=\"lazyload\" style=\"--smush-placeholder-width: 791px; --smush-placeholder-aspect-ratio: 791\/537;\" \/><noscript><img src=\"https:\/\/larslighting.com\/wp-content\/uploads\/2023\/01\/smar-panel-led-295x1195-1.png\" \/><\/noscript><\/noscript><\/td>\n<td style=\"text-align: center;\"><a href=\"https:\/\/larslighting.com\/wp-content\/uploads\/2026\/02\/Smart-Panel-Long-120x30-4500-840-OPAL.pdf\"><span style=\"color: #133d69;\"><strong>LL01-PA07-040<\/strong><\/span><\/a><\/td>\n<td>SMART PANEL LONG 120&#215;30 4500\/840 OPAL<\/td>\n<td>40<\/td>\n<td>4000<\/td>\n<td>4215<\/td>\n<td>OPAL<\/td>\n<td>1195\/295\/40<\/td>\n<td>44<\/td>\n<td>For flush mounting \/ Surface mounting<\/td>\n<td>+<\/td>\n<\/tr>\n<\/tbody>\n<\/table>\n[\/vc_column_text][\/vc_column][\/vc_row][vc_row type=&#8221;full_width_background&#8221; full_screen_row_position=&#8221;middle&#8221; column_margin=&#8221;default&#8221; column_direction=&#8221;default&#8221; column_direction_tablet=&#8221;default&#8221; column_direction_phone=&#8221;default&#8221; bg_color=&#8221;#ffffff&#8221; scene_position=&#8221;center&#8221; top_padding=&#8221;3%&#8221; top_padding_tablet=&#8221;16%&#8221; bottom_padding_tablet=&#8221;16%&#8221; text_color=&#8221;dark&#8221; text_align=&#8221;left&#8221; row_border_radius=&#8221;none&#8221; row_border_radius_applies=&#8221;bg&#8221; overflow=&#8221;visible&#8221; id=&#8221;projekty&#8221; advanced_gradient_angle=&#8221;0&#8243; overlay_strength=&#8221;0.3&#8243; gradient_direction=&#8221;left_to_right&#8221; shape_divider_color=&#8221;#000000&#8243; shape_divider_position=&#8221;top&#8221; bg_image_animation=&#8221;none&#8221; shape_type=&#8221;straight_section&#8221; gradient_type=&#8221;default&#8221;][vc_column column_padding=&#8221;no-extra-padding&#8221; column_padding_tablet=&#8221;inherit&#8221; column_padding_phone=&#8221;padding-4-percent&#8221; column_padding_position=&#8221;all&#8221; column_element_spacing=&#8221;0px&#8221; background_color_opacity=&#8221;1&#8243; background_hover_color_opacity=&#8221;1&#8243; column_shadow=&#8221;none&#8221; column_border_radius=&#8221;none&#8221; column_link_target=&#8221;_self&#8221; column_position=&#8221;default&#8221; advanced_gradient_angle=&#8221;0&#8243; gradient_direction=&#8221;left_to_right&#8221; overlay_strength=&#8221;0.3&#8243; width=&#8221;1\/1&#8243; tablet_width_inherit=&#8221;default&#8221; tablet_text_alignment=&#8221;default&#8221; phone_text_alignment=&#8221;default&#8221; animation_type=&#8221;default&#8221; bg_image_animation=&#8221;none&#8221; border_type=&#8221;simple&#8221; column_border_width=&#8221;none&#8221; column_border_style=&#8221;solid&#8221; gradient_type=&#8221;default&#8221;][vc_custom_heading text=&#8221;Industrial linear lighting&#8221; font_container=&#8221;tag:h4|text_align:left&#8221; use_theme_fonts=&#8221;yes&#8221;][vc_column_text]\n<table width=\"1673\">\n<tbody>\n<tr>\n<td width=\"97\"><\/td>\n<td width=\"208\"><strong>Index<\/strong><\/td>\n<td width=\"345\"><strong>Name<\/strong><\/td>\n<td width=\"71\"><strong>Power [W]<\/strong><\/td>\n<td width=\"115\"><strong>Light colour [K]<\/strong><\/td>\n<td width=\"128\"><strong>Light beam [lm]<\/strong><\/td>\n<td width=\"95\"><strong>Type of lampshade<\/strong><\/td>\n<td width=\"160\"><strong>Dimensions [mm]<\/strong><\/td>\n<td width=\"71\"><strong>IP<\/strong><\/td>\n<td width=\"208\"><strong>Type of installation<\/strong><\/td>\n<td width=\"175\"><strong>Control function<\/strong><\/td>\n<\/tr>\n<tr>\n<td style=\"text-align: center;\"><img data-src=\"https:\/\/larslighting.com\/wp-content\/uploads\/2024\/04\/Hermetic-120.png\" src=\"data:image\/gif;base64,R0lGODlhAQABAAAAACH5BAEKAAEALAAAAAABAAEAAAICTAEAOw==\" class=\"lazyload\" style=\"--smush-placeholder-width: 1005px; --smush-placeholder-aspect-ratio: 1005\/754;\" \/><noscript><img data-src=\"https:\/\/larslighting.com\/wp-content\/uploads\/2024\/04\/Hermetic-120.png\" src=\"data:image\/gif;base64,R0lGODlhAQABAAAAACH5BAEKAAEALAAAAAABAAEAAAICTAEAOw==\" class=\"lazyload\" style=\"--smush-placeholder-width: 1005px; --smush-placeholder-aspect-ratio: 1005\/754;\" \/><noscript><img data-src=\"https:\/\/larslighting.com\/wp-content\/uploads\/2024\/04\/Hermetic-120.png\" src=\"data:image\/gif;base64,R0lGODlhAQABAAAAACH5BAEKAAEALAAAAAABAAEAAAICTAEAOw==\" class=\"lazyload\" style=\"--smush-placeholder-width: 1005px; --smush-placeholder-aspect-ratio: 1005\/754;\" \/><noscript><img src=\"https:\/\/larslighting.com\/wp-content\/uploads\/2024\/04\/Hermetic-120.png\" \/><\/noscript><\/noscript><\/noscript><\/td>\n<td style=\"text-align: center;\"><a href=\"https:\/\/larslighting.com\/wp-content\/uploads\/2026\/02\/LL01-TP01-040-Tri-Proff-Hermetic-1265-PC-6100-840.pdf\"><span style=\"color: #133d69;\"><strong>LL01-TP01-040<\/strong><\/span><\/a><\/td>\n<td>TRI PROFF Hermetic 1265 PC 6100\/840<\/td>\n<td>40<\/td>\n<td>4000<\/td>\n<td>5895<\/td>\n<td>Frozen<\/td>\n<td>1265\/130\/95<\/td>\n<td>65<\/td>\n<td>Surface-mounted \/ Suspended<\/td>\n<td>+<\/td>\n<\/tr>\n<tr>\n<td style=\"text-align: center;\"><img data-src=\"https:\/\/larslighting.com\/wp-content\/uploads\/2024\/04\/Hermetic-120.png\" src=\"data:image\/gif;base64,R0lGODlhAQABAAAAACH5BAEKAAEALAAAAAABAAEAAAICTAEAOw==\" class=\"lazyload\" style=\"--smush-placeholder-width: 1005px; --smush-placeholder-aspect-ratio: 1005\/754;\" \/><noscript><img data-src=\"https:\/\/larslighting.com\/wp-content\/uploads\/2024\/04\/Hermetic-120.png\" src=\"data:image\/gif;base64,R0lGODlhAQABAAAAACH5BAEKAAEALAAAAAABAAEAAAICTAEAOw==\" class=\"lazyload\" style=\"--smush-placeholder-width: 1005px; --smush-placeholder-aspect-ratio: 1005\/754;\" \/><noscript><img data-src=\"https:\/\/larslighting.com\/wp-content\/uploads\/2024\/04\/Hermetic-120.png\" src=\"data:image\/gif;base64,R0lGODlhAQABAAAAACH5BAEKAAEALAAAAAABAAEAAAICTAEAOw==\" class=\"lazyload\" style=\"--smush-placeholder-width: 1005px; --smush-placeholder-aspect-ratio: 1005\/754;\" \/><noscript><img src=\"https:\/\/larslighting.com\/wp-content\/uploads\/2024\/04\/Hermetic-120.png\" \/><\/noscript><\/noscript><\/noscript><\/td>\n<td style=\"text-align: center;\"><a href=\"https:\/\/larslighting.com\/wp-content\/uploads\/2026\/02\/LL15-TP01-038-Prima-Hermetic-1175-PC-6400-840.pdf\"><strong><span style=\"color: #133d69;\">LL15-TP01-38<\/span><\/strong><\/a><\/td>\n<td>PRIMA Hermetic 1175 PC 6400\/840<\/td>\n<td>38<\/td>\n<td>4000<\/td>\n<td>6050<\/td>\n<td>Frozen<\/td>\n<td>1175\/98\/91<\/td>\n<td>66\/69<\/td>\n<td>Surface-mounted \/ Suspended<\/td>\n<td>+<\/td>\n<\/tr>\n<tr>\n<td><img data-src=\"https:\/\/larslighting.com\/wp-content\/uploads\/2024\/04\/Hermetic-120.png\" src=\"data:image\/gif;base64,R0lGODlhAQABAAAAACH5BAEKAAEALAAAAAABAAEAAAICTAEAOw==\" class=\"lazyload\" style=\"--smush-placeholder-width: 1005px; --smush-placeholder-aspect-ratio: 1005\/754;\" \/><noscript><img data-src=\"https:\/\/larslighting.com\/wp-content\/uploads\/2024\/04\/Hermetic-120.png\" src=\"data:image\/gif;base64,R0lGODlhAQABAAAAACH5BAEKAAEALAAAAAABAAEAAAICTAEAOw==\" class=\"lazyload\" style=\"--smush-placeholder-width: 1005px; --smush-placeholder-aspect-ratio: 1005\/754;\" \/><noscript><img data-src=\"https:\/\/larslighting.com\/wp-content\/uploads\/2024\/04\/Hermetic-120.png\" src=\"data:image\/gif;base64,R0lGODlhAQABAAAAACH5BAEKAAEALAAAAAABAAEAAAICTAEAOw==\" class=\"lazyload\" style=\"--smush-placeholder-width: 1005px; --smush-placeholder-aspect-ratio: 1005\/754;\" \/><noscript><img src=\"https:\/\/larslighting.com\/wp-content\/uploads\/2024\/04\/Hermetic-120.png\" \/><\/noscript><\/noscript><\/noscript><\/td>\n<td style=\"text-align: center;\"><a href=\"https:\/\/larslighting.com\/wp-content\/uploads\/2026\/02\/LL15-TP01-064-Futura-Hermetic-1452-PC-11000-840.pdf\"><strong><span style=\"color: #133d69;\">LL15-TP01-64<\/span><\/strong><\/a><\/td>\n<td>FUTURA Hermetic 1452 PC 11000\/840<\/td>\n<td>64<\/td>\n<td>4000<\/td>\n<td>10850<\/td>\n<td>Frozen<\/td>\n<td>1452\/145\/111<\/td>\n<td>66<\/td>\n<td>Surface-mounted \/ Suspended<\/td>\n<td>+<\/td>\n<\/tr>\n<\/tbody>\n<\/table>\n<p><!--more-->[\/vc_column_text][\/vc_column][\/vc_row][vc_row type=&#8221;full_width_content&#8221; full_screen_row_position=&#8221;middle&#8221; column_margin=&#8221;default&#8221; equal_height=&#8221;yes&#8221; content_placement=&#8221;top&#8221; column_direction=&#8221;default&#8221; column_direction_tablet=&#8221;default&#8221; column_direction_phone=&#8221;default&#8221; bg_color=&#8221;#ffffff&#8221; scene_position=&#8221;center&#8221; text_color=&#8221;dark&#8221; text_align=&#8221;left&#8221; row_border_radius=&#8221;none&#8221; row_border_radius_applies=&#8221;bg&#8221; overflow=&#8221;visible&#8221; id=&#8221;contact&#8221; advanced_gradient_angle=&#8221;0&#8243; overlay_strength=&#8221;0.3&#8243; gradient_direction=&#8221;left_to_right&#8221; shape_divider_position=&#8221;bottom&#8221; bg_image_animation=&#8221;none&#8221; gradient_type=&#8221;default&#8221; shape_type=&#8221;&#8221;][vc_column column_padding=&#8221;padding-4-percent&#8221; column_padding_tablet=&#8221;inherit&#8221; column_padding_phone=&#8221;padding-10-percent&#8221; column_padding_position=&#8221;left&#8221; top_margin=&#8221;2%&#8221; bottom_margin=&#8221;2%&#8221; top_margin_phone=&#8221;10%&#8221; column_element_spacing=&#8221;default&#8221; background_color_opacity=&#8221;1&#8243; background_hover_color_opacity=&#8221;1&#8243; column_shadow=&#8221;none&#8221; column_border_radius=&#8221;none&#8221; column_link_target=&#8221;_self&#8221; column_position=&#8221;default&#8221; advanced_gradient_angle=&#8221;0&#8243; gradient_direction=&#8221;left_to_right&#8221; overlay_strength=&#8221;0.3&#8243; width=&#8221;1\/1&#8243; tablet_width_inherit=&#8221;default&#8221; tablet_text_alignment=&#8221;default&#8221; phone_text_alignment=&#8221;default&#8221; animation_type=&#8221;default&#8221; bg_image_animation=&#8221;none&#8221; border_type=&#8221;simple&#8221; column_border_width=&#8221;none&#8221; column_border_style=&#8221;solid&#8221; gradient_type=&#8221;default&#8221;][vc_column_text]\n<h3><span style=\"color: #113d68;\"><strong>Contact<\/strong><\/span><\/h3>\n[\/vc_column_text][\/vc_column][vc_column column_padding=&#8221;padding-4-percent&#8221; column_padding_tablet=&#8221;inherit&#8221; column_padding_phone=&#8221;padding-10-percent&#8221; column_padding_position=&#8221;all&#8221; column_element_spacing=&#8221;default&#8221; background_color_opacity=&#8221;1&#8243; background_hover_color_opacity=&#8221;1&#8243; column_shadow=&#8221;none&#8221; column_border_radius=&#8221;none&#8221; column_link_target=&#8221;_self&#8221; column_position=&#8221;default&#8221; advanced_gradient_angle=&#8221;0&#8243; gradient_direction=&#8221;left_to_right&#8221; overlay_strength=&#8221;0.3&#8243; width=&#8221;1\/2&#8243; tablet_width_inherit=&#8221;default&#8221; tablet_text_alignment=&#8221;default&#8221; phone_text_alignment=&#8221;default&#8221; animation_type=&#8221;default&#8221; bg_image_animation=&#8221;none&#8221; border_type=&#8221;simple&#8221; column_border_width=&#8221;none&#8221; column_border_style=&#8221;solid&#8221; gradient_type=&#8221;default&#8221;][vc_column_text]\n<h6>Office Poland<\/h6>\n<p>st. Zygmunta Vogla 8 (1st floor)<br \/>\n02-963 Warsaw<br \/>\n<span style=\"color: #333399;\"><a style=\"color: #333399;\" href=\"mailto:office@larslighting.pl\">office@larslighting.pl<\/a><\/span>[\/vc_column_text][vc_column_text]\n<h6>Registration data<\/h6>\n<p>Lars Lighting sp. z o. o.<br \/>\nStreet Zygmunta Vogla 802-963 Warsaw<br \/>\nVAT ID \u2013 5342502351[\/vc_column_text][vc_column_text]\n<h6>Lars Lighting Spain<\/h6>\n<p>Lars Lighting SL<br \/>\nCalle Unamuno no 1, Escalera B,<br \/>\nPiso 3, Local 3B,Orihuela Costa, 03189, Alicante, Espa\u00f1a<br \/>\n<span style=\"color: #333399;\"><a style=\"color: #333399;\" href=\"mailto:office@larslighting.com\">office@larslighting.com<\/a><\/span>[\/vc_column_text][vc_column_text]\n<h6>Lars Lighting Czech Republic<\/h6>\n<p>Lars Lighting s.r.o.<br \/>\n<span class=\"cGyruf fontBodyMedium RYaupb\"><span class=\"XYuRPe\">Ostravsk\u00e1<\/span> <span class=\"XYuRPe\">594\/4<\/span><\/span> <span class=\"EmLCAe fontBodyMedium\">\u010cesk\u00fd T\u011b\u0161\u00edn,<br \/>\nCzechy<br \/>\n<\/span><span style=\"color: #333399;\"><a style=\"color: #333399;\" href=\"mailto:office@larslighting.com\">office@larslighting.com<\/a><\/span>[\/vc_column_text][\/vc_column][vc_column column_padding=&#8221;padding-4-percent&#8221; column_padding_tablet=&#8221;inherit&#8221; column_padding_phone=&#8221;inherit&#8221; column_padding_position=&#8221;all&#8221; top_margin=&#8221;2%&#8221; column_element_spacing=&#8221;default&#8221; background_color_opacity=&#8221;1&#8243; background_hover_color_opacity=&#8221;1&#8243; column_shadow=&#8221;none&#8221; column_border_radius=&#8221;none&#8221; column_link_target=&#8221;_self&#8221; column_position=&#8221;default&#8221; advanced_gradient_angle=&#8221;0&#8243; gradient_direction=&#8221;left_to_right&#8221; overlay_strength=&#8221;0.3&#8243; width=&#8221;1\/2&#8243; tablet_width_inherit=&#8221;default&#8221; tablet_text_alignment=&#8221;default&#8221; phone_text_alignment=&#8221;default&#8221; animation_type=&#8221;default&#8221; bg_image_animation=&#8221;none&#8221; border_type=&#8221;simple&#8221; column_border_width=&#8221;none&#8221; column_border_style=&#8221;solid&#8221; gradient_type=&#8221;default&#8221;][vc_column_text]\n<h6>Lars Lighting U.S.A.<\/h6>\n<p>Lars Lighting LLC<br \/>\n804 Derby Course Saint Charles,<br \/>\nIL 60174 United States<br \/>\n<span style=\"color: #333399;\"><a style=\"color: #333399;\" href=\"mailto:office@larslighting.us\">office@larslighting.us<\/a><\/span>[\/vc_column_text][vc_column_text]\n<h6>Lars Lighting Schweiz<\/h6>\n<p>Lars Lighting GmbH<br \/>\nM\u00fchlegasse 18 \/ Geb\u00e4ude K<br \/>\n6340 Baar<br \/>\n<span style=\"color: #333399;\"><a style=\"color: #333399;\" href=\"mailto:office@larslighting.com\">office@larslighting.com<\/a><\/span>[\/vc_column_text][vc_column_text]\n<h6>Lars Lighting Thailand<\/h6>\n<p>Lars Lighting LLC<br \/>\nNo. 624\/115 Aspace ID, Asoke-Dindaeng<br \/>\nRoad Dindaeng district Bangkok 10400<br \/>\n<span style=\"color: #333399;\"><a style=\"color: #333399;\" href=\"mailto:tiger.hu@larslighting.com\">tiger.hu@larslighting.com<\/a><\/span>[\/vc_column_text][\/vc_column][\/vc_row]\n","protected":false},"excerpt":{"rendered":"<p>[vc_row type=&#8221;full_width_background&#8221; full_screen_row_position=&#8221;middle&#8221; column_margin=&#8221;default&#8221; column_direction=&#8221;default&#8221; column_direction_tablet=&#8221;default&#8221; column_direction_phone=&#8221;default&#8221; bg_color=&#8221;#ffffff&#8221; scene_position=&#8221;center&#8221; top_padding=&#8221;3%&#8221; top_padding_tablet=&#8221;16%&#8221; bottom_padding_tablet=&#8221;16%&#8221; text_color=&#8221;dark&#8221; text_align=&#8221;left&#8221; row_border_radius=&#8221;none&#8221; row_border_radius_applies=&#8221;bg&#8221; overflow=&#8221;visible&#8221; id=&#8221;projekty&#8221; advanced_gradient_angle=&#8221;0&#8243; overlay_strength=&#8221;0.3&#8243; gradient_direction=&#8221;left_to_right&#8221; shape_divider_color=&#8221;#000000&#8243; shape_divider_position=&#8221;top&#8221; bg_image_animation=&#8221;none&#8221; shape_type=&#8221;straight_section&#8221; gradient_type=&#8221;default&#8221;][vc_column column_padding=&#8221;no-extra-padding&#8221; column_padding_tablet=&#8221;inherit&#8221; column_padding_phone=&#8221;padding-4-percent&#8221; column_padding_position=&#8221;all&#8221;&#8230;<\/p>\n","protected":false},"author":1,"featured_media":0,"parent":0,"menu_order":0,"comment_status":"closed","ping_status":"closed","template":"","meta":[],"_links":{"self":[{"href":"https:\/\/larslighting.com\/en\/wp-json\/wp\/v2\/pages\/6006"}],"collection":[{"href":"https:\/\/larslighting.com\/en\/wp-json\/wp\/v2\/pages"}],"about":[{"href":"https:\/\/larslighting.com\/en\/wp-json\/wp\/v2\/types\/page"}],"author":[{"embeddable":true,"href":"https:\/\/larslighting.com\/en\/wp-json\/wp\/v2\/users\/1"}],"replies":[{"embeddable":true,"href":"https:\/\/larslighting.com\/en\/wp-json\/wp\/v2\/comments?post=6006"}],"version-history":[{"count":10,"href":"https:\/\/larslighting.com\/en\/wp-json\/wp\/v2\/pages\/6006\/revisions"}],"predecessor-version":[{"id":6301,"href":"https:\/\/larslighting.com\/en\/wp-json\/wp\/v2\/pages\/6006\/revisions\/6301"}],"wp:attachment":[{"href":"https:\/\/larslighting.com\/en\/wp-json\/wp\/v2\/media?parent=6006"}],"curies":[{"name":"wp","href":"https:\/\/api.w.org\/{rel}","templated":true}]}}