{"id":581,"date":"2022-11-21T12:06:11","date_gmt":"2022-11-21T11:06:11","guid":{"rendered":"https:\/\/larslighting.pl\/fotodiode-mit-integriertem-verstaerker\/"},"modified":"2024-03-20T15:39:40","modified_gmt":"2024-03-20T14:39:40","slug":"fotodiode-mit-integriertem-verstaerker","status":"publish","type":"page","link":"https:\/\/larslighting.com\/de\/fotodiode-mit-integriertem-verstaerker\/","title":{"rendered":"Fotodiode mit integriertem Verst\u00e4rker"},"content":{"rendered":"[vc_row type=&#8220;in_container&#8220; full_screen_row_position=&#8220;middle&#8220; column_margin=&#8220;default&#8220; column_direction=&#8220;default&#8220; column_direction_tablet=&#8220;default&#8220; column_direction_phone=&#8220;default&#8220; scene_position=&#8220;center&#8220; left_padding_phone=&#8220;5%&#8220; right_padding_phone=&#8220;5%&#8220; text_color=&#8220;dark&#8220; text_align=&#8220;left&#8220; row_border_radius=&#8220;none&#8220; row_border_radius_applies=&#8220;bg&#8220; overflow=&#8220;visible&#8220; advanced_gradient_angle=&#8220;0&#8243; overlay_strength=&#8220;0.3&#8243; gradient_direction=&#8220;left_to_right&#8220; shape_divider_position=&#8220;bottom&#8220; bg_image_animation=&#8220;none&#8220; gradient_type=&#8220;default&#8220; shape_type=&#8220;&#8220;][vc_column column_padding=&#8220;no-extra-padding&#8220; column_padding_tablet=&#8220;inherit&#8220; column_padding_phone=&#8220;inherit&#8220; column_padding_position=&#8220;all&#8220; column_element_spacing=&#8220;default&#8220; background_color_opacity=&#8220;1&#8243; background_hover_color_opacity=&#8220;1&#8243; column_shadow=&#8220;none&#8220; column_border_radius=&#8220;none&#8220; column_link_target=&#8220;_self&#8220; column_position=&#8220;default&#8220; gradient_direction=&#8220;left_to_right&#8220; overlay_strength=&#8220;0.3&#8243; width=&#8220;1\/1&#8243; tablet_width_inherit=&#8220;default&#8220; tablet_text_alignment=&#8220;default&#8220; phone_text_alignment=&#8220;default&#8220; animation_type=&#8220;default&#8220; bg_image_animation=&#8220;none&#8220; border_type=&#8220;simple&#8220; column_border_width=&#8220;none&#8220; column_border_style=&#8220;solid&#8220;][vc_column_text]\n<h3>Projekt &#8211; Fotodiode mit integriertem Verst\u00e4rker<\/h3>\n[\/vc_column_text][\/vc_column][\/vc_row][vc_row type=&#8220;in_container&#8220; full_screen_row_position=&#8220;middle&#8220; column_margin=&#8220;default&#8220; column_direction=&#8220;default&#8220; column_direction_tablet=&#8220;default&#8220; column_direction_phone=&#8220;default&#8220; scene_position=&#8220;center&#8220; left_padding_phone=&#8220;5%&#8220; right_padding_phone=&#8220;5%&#8220; text_color=&#8220;dark&#8220; text_align=&#8220;left&#8220; row_border_radius=&#8220;none&#8220; row_border_radius_applies=&#8220;bg&#8220; overflow=&#8220;visible&#8220; advanced_gradient_angle=&#8220;0&#8243; overlay_strength=&#8220;0.3&#8243; gradient_direction=&#8220;left_to_right&#8220; shape_divider_position=&#8220;bottom&#8220; bg_image_animation=&#8220;none&#8220; gradient_type=&#8220;default&#8220; shape_type=&#8220;&#8220;][vc_column column_padding=&#8220;no-extra-padding&#8220; column_padding_tablet=&#8220;inherit&#8220; column_padding_phone=&#8220;inherit&#8220; column_padding_position=&#8220;all&#8220; column_element_spacing=&#8220;default&#8220; background_color_opacity=&#8220;1&#8243; background_hover_color_opacity=&#8220;1&#8243; column_shadow=&#8220;none&#8220; column_border_radius=&#8220;none&#8220; column_link_target=&#8220;_self&#8220; column_position=&#8220;default&#8220; gradient_direction=&#8220;left_to_right&#8220; overlay_strength=&#8220;0.3&#8243; width=&#8220;2\/3&#8243; tablet_width_inherit=&#8220;default&#8220; tablet_text_alignment=&#8220;default&#8220; phone_text_alignment=&#8220;default&#8220; animation_type=&#8220;default&#8220; bg_image_animation=&#8220;none&#8220; border_type=&#8220;simple&#8220; column_border_width=&#8220;none&#8220; column_border_style=&#8220;solid&#8220;][vc_column_text]Die integrierte Fotodiode enth\u00e4lt lichtempfindliche Abschnitte (Matrix) gem\u00e4\u00df der mathematischen Funktion von BESSEL. Die Abschnitte sollten gut auf die erwartete Lichtintensit\u00e4tsverteilung abgestimmt sein, um den vollen Dynamikbereich zu erreichen. Eine analoge Vorverarbeitung wird verwendet, um die Symmetrie zu bestimmen, den Moment zu erfassen, in dem sich das Teilchen im Zentrum des Anregungsstrahls befindet und die Charakteristik des Anregungslichtmusters maximal ist. Der mittlere Bereich der Photodiode muss optisch inaktiv in Form einer abgeschiedenen Metallschicht sein (Licht wird dort geb\u00fcndelt, wenn keine Streuung durch Partikel stattfindet). In diesem Bereich sollte der Strahl direkt reflektiert werden. Dies kann zur Loopback-Stabilisierung der Signalleistung von der LED verwendet werden.<\/p>\n<p>Parallel zur mathematischen Auswertung wird ein Mikrocontroller definiert und individuelle Algorithmen programmiert, die die Signaldaten der verwendeten speziellen Fotodiode auswerten. Es wird ein Protokoll entwickelt, das flexibel sein und eine dynamische Verst\u00e4rkungsanpassung in Bezug auf Fotodiodensegmente erm\u00f6glichen muss. Der Mikrocontroller wird in der Lage sein, die Gr\u00f6\u00dfe der Partikel zu bestimmen und sie separat zu z\u00e4hlen. Die Daten, die anhand des Luftstroms berechnet werden, sind Informationen \u00fcber die Gr\u00f6\u00dfenverteilung und die Gesamtzahl der Partikel. Nach Klasse PM2,5 und PM10 wird es m\u00f6glich sein, die Grenzwert\u00fcberschreitung zu berechnen und zu kontrollieren.[\/vc_column_text][\/vc_column][vc_column column_padding=&#8220;no-extra-padding&#8220; column_padding_tablet=&#8220;inherit&#8220; column_padding_phone=&#8220;inherit&#8220; column_padding_position=&#8220;all&#8220; column_element_spacing=&#8220;default&#8220; background_color_opacity=&#8220;1&#8243; background_hover_color_opacity=&#8220;1&#8243; column_shadow=&#8220;none&#8220; column_border_radius=&#8220;none&#8220; column_link_target=&#8220;_self&#8220; column_position=&#8220;default&#8220; gradient_direction=&#8220;left_to_right&#8220; overlay_strength=&#8220;0.3&#8243; width=&#8220;1\/3&#8243; tablet_width_inherit=&#8220;default&#8220; tablet_text_alignment=&#8220;default&#8220; phone_text_alignment=&#8220;default&#8220; animation_type=&#8220;default&#8220; bg_image_animation=&#8220;none&#8220; border_type=&#8220;simple&#8220; column_border_width=&#8220;none&#8220; column_border_style=&#8220;solid&#8220;][image_with_animation image_url=&#8220;122&#8243; image_size=&#8220;full&#8220; animation_type=&#8220;entrance&#8220; animation=&#8220;Fade In&#8220; hover_animation=&#8220;none&#8220; alignment=&#8220;center&#8220; border_radius=&#8220;none&#8220; box_shadow=&#8220;none&#8220; image_loading=&#8220;default&#8220; max_width=&#8220;100%&#8220; max_width_mobile=&#8220;default&#8220;][image_with_animation image_url=&#8220;123&#8243; image_size=&#8220;full&#8220; animation_type=&#8220;entrance&#8220; animation=&#8220;Fade In&#8220; hover_animation=&#8220;none&#8220; alignment=&#8220;center&#8220; border_radius=&#8220;none&#8220; box_shadow=&#8220;none&#8220; image_loading=&#8220;default&#8220; max_width=&#8220;100%&#8220; max_width_mobile=&#8220;default&#8220;][\/vc_column][\/vc_row][vc_row type=&#8220;full_width_content&#8220; full_screen_row_position=&#8220;middle&#8220; column_margin=&#8220;default&#8220; equal_height=&#8220;yes&#8220; content_placement=&#8220;top&#8220; column_direction=&#8220;default&#8220; column_direction_tablet=&#8220;default&#8220; column_direction_phone=&#8220;default&#8220; bg_color=&#8220;#ffffff&#8220; scene_position=&#8220;center&#8220; top_padding=&#8220;1%&#8220; text_color=&#8220;dark&#8220; text_align=&#8220;left&#8220; row_border_radius=&#8220;none&#8220; row_border_radius_applies=&#8220;bg&#8220; overflow=&#8220;visible&#8220; id=&#8220;contact&#8220; advanced_gradient_angle=&#8220;0&#8243; overlay_strength=&#8220;0.3&#8243; gradient_direction=&#8220;left_to_right&#8220; shape_divider_position=&#8220;bottom&#8220; bg_image_animation=&#8220;none&#8220; gradient_type=&#8220;default&#8220; shape_type=&#8220;&#8220;][vc_column column_padding=&#8220;no-extra-padding&#8220; column_padding_tablet=&#8220;inherit&#8220; column_padding_phone=&#8220;inherit&#8220; column_padding_position=&#8220;all&#8220; column_element_spacing=&#8220;default&#8220; background_color_opacity=&#8220;1&#8243; background_hover_color_opacity=&#8220;1&#8243; column_shadow=&#8220;none&#8220; column_border_radius=&#8220;none&#8220; column_link_target=&#8220;_self&#8220; column_position=&#8220;default&#8220; gradient_direction=&#8220;left_to_right&#8220; overlay_strength=&#8220;0.3&#8243; width=&#8220;1\/2&#8243; tablet_width_inherit=&#8220;default&#8220; tablet_text_alignment=&#8220;default&#8220; phone_text_alignment=&#8220;default&#8220; animation_type=&#8220;default&#8220; bg_image_animation=&#8220;none&#8220; border_type=&#8220;simple&#8220; column_border_width=&#8220;none&#8220; column_border_style=&#8220;solid&#8220;][nectar_gmap map_type=&#8220;google&#8220; zoom=&#8220;2&#8243; enable_zoom=&#8220;1&#8243; marker_style=&#8220;nectar&#8220; nectar_marker_color=&#8220;accent-color&#8220; marker_animation=&#8220;1&#8243; map_greyscale=&#8220;1&#8243; map_color=&#8220;#113d68&#8243; size=&#8220;700&#8243; map_markers=&#8220;41.92502262835013|-88.28564146441786| Lars Lighting US<br \/>\n52.159926761128595|21.08941932381055| Lars Lighting Poland<br \/>\n47.19976896427977|8.526786898374311| Lars Lighting Switzerland<br \/>\n37.91185410997967|-0.7374941364157802| Lars Lighting Spain<br \/>\n13.757322422785835|100.560090978311| Lars Lighting Thailand<br \/>\n49.7463852250441|18.62149153891804| Lars Lighting Czech Republic&#8220;][\/vc_column][vc_column column_padding=&#8220;padding-4-percent&#8220; column_padding_tablet=&#8220;inherit&#8220; column_padding_phone=&#8220;padding-10-percent&#8220; column_padding_position=&#8220;left&#8220; top_margin_phone=&#8220;10%&#8220; column_element_spacing=&#8220;default&#8220; background_color_opacity=&#8220;1&#8243; background_hover_color_opacity=&#8220;1&#8243; column_shadow=&#8220;none&#8220; column_border_radius=&#8220;none&#8220; column_link_target=&#8220;_self&#8220; column_position=&#8220;default&#8220; advanced_gradient_angle=&#8220;0&#8243; gradient_direction=&#8220;left_to_right&#8220; overlay_strength=&#8220;0.3&#8243; width=&#8220;1\/4&#8243; tablet_width_inherit=&#8220;default&#8220; tablet_text_alignment=&#8220;default&#8220; phone_text_alignment=&#8220;default&#8220; animation_type=&#8220;default&#8220; bg_image_animation=&#8220;none&#8220; border_type=&#8220;simple&#8220; column_border_width=&#8220;none&#8220; column_border_style=&#8220;solid&#8220; gradient_type=&#8220;default&#8220;][vc_column_text]\n<h3><span style=\"color: #113d68;\"><strong>Kontakt<\/strong><\/span><\/h3>\n[\/vc_column_text][vc_column_text]\n<h6>Polnisches B\u00fcro<\/h6>\n<p>Str. Zygmunta Vogla 8<br \/>\n02-963 Warschau<br \/>\n<a href=\"mailto:office@larslighting.pl\">office@larslighting.pl<\/a>[\/vc_column_text][vc_column_text]\n<h6>Registrierungsdaten<\/h6>\n<p>Lars Lighting Gmbh.<br \/>\nStr. Zygmunta Vogla 8<br \/>\n02\u00ad-963 Warschau<br \/>\nSteueridentifikationsnummer <span style=\"color: #113d68;\">\u2013<\/span> 5342502351[\/vc_column_text][vc_column_text]\n<h6>Lars Lighting Spanien<\/h6>\n<p>Lars Lighting SL<br \/>\nCalle Unamuno no 1, Escalera B,<br \/>\nPiso 3, Local 3B,Orihuela Costa, 03189, Alicante, Espa\u00f1a<br \/>\n<span style=\"color: #333399;\"><a style=\"color: #333399;\" href=\"mailto:office@larslighting.com\">office@larslighting.com<\/a><\/span>[\/vc_column_text][\/vc_column][vc_column column_padding=&#8220;padding-3-percent&#8220; column_padding_tablet=&#8220;inherit&#8220; column_padding_phone=&#8220;padding-10-percent&#8220; column_padding_position=&#8220;left&#8220; top_margin=&#8220;3%&#8220; column_element_spacing=&#8220;default&#8220; background_color_opacity=&#8220;1&#8243; background_hover_color_opacity=&#8220;1&#8243; column_shadow=&#8220;none&#8220; column_border_radius=&#8220;none&#8220; column_link_target=&#8220;_self&#8220; column_position=&#8220;default&#8220; advanced_gradient_angle=&#8220;0&#8243; gradient_direction=&#8220;left_to_right&#8220; overlay_strength=&#8220;0.3&#8243; width=&#8220;1\/4&#8243; tablet_width_inherit=&#8220;default&#8220; tablet_text_alignment=&#8220;default&#8220; phone_text_alignment=&#8220;default&#8220; animation_type=&#8220;default&#8220; bg_image_animation=&#8220;none&#8220; border_type=&#8220;simple&#8220; column_border_width=&#8220;none&#8220; column_border_style=&#8220;solid&#8220; gradient_type=&#8220;default&#8220;][divider line_type=&#8220;No Line&#8220; custom_height=&#8220;1%&#8220;][vc_column_text]\n<h6>Lars Lighting U.S.<\/h6>\n<p>Lars Lighting LLC 804 Derby Course Saint Charles, IL 60174 Vereinigte Staaten<br \/>\n<a href=\"mailto:office@larslighting.us\">office@larslighting.us<\/a>[\/vc_column_text][vc_column_text]\n<h6>Lars Lighting Schweiz<\/h6>\n<p>Lars Lighting Schweiz GmbH<br \/>\nM\u00fchlegasse 18 \/ Geb\u00e4ude K<br \/>\n6340 Baar<br \/>\n<a href=\"mailto:office@larslighting.com\">office@larslighting.com<\/a>[\/vc_column_text][vc_column_text]\n<h6>Lars Lighting Czech Republic<\/h6>\n<p>Lars Lighting s.r.o.<br \/>\n<span class=\"cGyruf fontBodyMedium RYaupb\"><span class=\"XYuRPe\">Ostravsk\u00e1<\/span>\u00a0<span class=\"XYuRPe\">594\/4<\/span><\/span>\u00a0<span class=\"EmLCAe fontBodyMedium\">\u010cesk\u00fd T\u011b\u0161\u00edn,<br \/>\nCzech Republic<br \/>\n<\/span><span style=\"color: #333399;\"><a style=\"color: #333399;\" href=\"mailto:office@larslighting.com\">office@larslighting.com<\/a><\/span>[\/vc_column_text][vc_column_text]\n<h6>Lars Lighting Thailand<\/h6>\n<p>Lars Lighting LLC<br \/>\nNo. 624\/115 Aspace ID, Asoke-Dindaeng Road Dindaeng district Bangkok 10400<br \/>\n<span style=\"color: #333399;\"><a style=\"color: #333399;\" href=\"mailto:tiger.hu@larslighting.com\">tiger.hu@larslighting.com<\/a><\/span>[\/vc_column_text][\/vc_column][\/vc_row]\n","protected":false},"excerpt":{"rendered":"<p>[vc_row type=&#8220;in_container&#8220; full_screen_row_position=&#8220;middle&#8220; column_margin=&#8220;default&#8220; column_direction=&#8220;default&#8220; column_direction_tablet=&#8220;default&#8220; column_direction_phone=&#8220;default&#8220; scene_position=&#8220;center&#8220; left_padding_phone=&#8220;5%&#8220; right_padding_phone=&#8220;5%&#8220; text_color=&#8220;dark&#8220; text_align=&#8220;left&#8220; row_border_radius=&#8220;none&#8220; row_border_radius_applies=&#8220;bg&#8220; overflow=&#8220;visible&#8220; advanced_gradient_angle=&#8220;0&#8243; overlay_strength=&#8220;0.3&#8243; gradient_direction=&#8220;left_to_right&#8220; shape_divider_position=&#8220;bottom&#8220; bg_image_animation=&#8220;none&#8220; gradient_type=&#8220;default&#8220; shape_type=&#8220;&#8220;][vc_column column_padding=&#8220;no-extra-padding&#8220; column_padding_tablet=&#8220;inherit&#8220; column_padding_phone=&#8220;inherit&#8220; column_padding_position=&#8220;all&#8220; column_element_spacing=&#8220;default&#8220; background_color_opacity=&#8220;1&#8243; background_hover_color_opacity=&#8220;1&#8243; column_shadow=&#8220;none&#8220;&#8230;<\/p>\n","protected":false},"author":1,"featured_media":0,"parent":0,"menu_order":0,"comment_status":"closed","ping_status":"closed","template":"","meta":[],"_links":{"self":[{"href":"https:\/\/larslighting.com\/de\/wp-json\/wp\/v2\/pages\/581"}],"collection":[{"href":"https:\/\/larslighting.com\/de\/wp-json\/wp\/v2\/pages"}],"about":[{"href":"https:\/\/larslighting.com\/de\/wp-json\/wp\/v2\/types\/page"}],"author":[{"embeddable":true,"href":"https:\/\/larslighting.com\/de\/wp-json\/wp\/v2\/users\/1"}],"replies":[{"embeddable":true,"href":"https:\/\/larslighting.com\/de\/wp-json\/wp\/v2\/comments?post=581"}],"version-history":[{"count":19,"href":"https:\/\/larslighting.com\/de\/wp-json\/wp\/v2\/pages\/581\/revisions"}],"predecessor-version":[{"id":2618,"href":"https:\/\/larslighting.com\/de\/wp-json\/wp\/v2\/pages\/581\/revisions\/2618"}],"wp:attachment":[{"href":"https:\/\/larslighting.com\/de\/wp-json\/wp\/v2\/media?parent=581"}],"curies":[{"name":"wp","href":"https:\/\/api.w.org\/{rel}","templated":true}]}}