{"id":5493,"date":"2025-11-17T21:55:51","date_gmt":"2025-11-17T20:55:51","guid":{"rendered":"https:\/\/larslighting.com\/parcour\/"},"modified":"2025-11-18T12:03:34","modified_gmt":"2025-11-18T11:03:34","slug":"parcour","status":"publish","type":"page","link":"https:\/\/larslighting.com\/cs\/parcour\/","title":{"rendered":"Parcour"},"content":{"rendered":"[vc_row type=&#8220;in_container&#8220; full_screen_row_position=&#8220;middle&#8220; column_margin=&#8220;default&#8220; column_direction=&#8220;default&#8220; column_direction_tablet=&#8220;default&#8220; column_direction_phone=&#8220;default&#8220; scene_position=&#8220;center&#8220; left_padding_phone=&#8220;5%&#8220; right_padding_phone=&#8220;5%&#8220; text_color=&#8220;dark&#8220; text_align=&#8220;left&#8220; row_border_radius=&#8220;none&#8220; row_border_radius_applies=&#8220;bg&#8220; overflow=&#8220;visible&#8220; advanced_gradient_angle=&#8220;0&#8243; overlay_strength=&#8220;0.3&#8243; gradient_direction=&#8220;left_to_right&#8220; shape_divider_position=&#8220;bottom&#8220; bg_image_animation=&#8220;none&#8220; gradient_type=&#8220;default&#8220; shape_type=&#8220;&#8220;][vc_column column_padding=&#8220;no-extra-padding&#8220; column_padding_tablet=&#8220;inherit&#8220; column_padding_phone=&#8220;inherit&#8220; column_padding_position=&#8220;all&#8220; column_element_spacing=&#8220;default&#8220; background_color_opacity=&#8220;1&#8243; background_hover_color_opacity=&#8220;1&#8243; column_shadow=&#8220;none&#8220; column_border_radius=&#8220;none&#8220; column_link_target=&#8220;_self&#8220; column_position=&#8220;default&#8220; gradient_direction=&#8220;left_to_right&#8220; overlay_strength=&#8220;0.3&#8243; width=&#8220;1\/1&#8243; tablet_width_inherit=&#8220;default&#8220; tablet_text_alignment=&#8220;default&#8220; phone_text_alignment=&#8220;default&#8220; animation_type=&#8220;default&#8220; bg_image_animation=&#8220;none&#8220; border_type=&#8220;simple&#8220; column_border_width=&#8220;none&#8220; column_border_style=&#8220;solid&#8220;][vc_column_text]\n<h3>Projekt Parcour<\/h3>\n<p><em>dokon\u010deno v 1. \u010dtvrtlet\u00ed 2021<\/em>[\/vc_column_text][\/vc_column][\/vc_row][vc_row type=&#8220;in_container&#8220; full_screen_row_position=&#8220;middle&#8220; column_margin=&#8220;default&#8220; column_direction=&#8220;default&#8220; column_direction_tablet=&#8220;default&#8220; column_direction_phone=&#8220;default&#8220; scene_position=&#8220;center&#8220; left_padding_phone=&#8220;5%&#8220; right_padding_phone=&#8220;5%&#8220; text_color=&#8220;dark&#8220; text_align=&#8220;left&#8220; row_border_radius=&#8220;none&#8220; row_border_radius_applies=&#8220;bg&#8220; overflow=&#8220;visible&#8220; advanced_gradient_angle=&#8220;0&#8243; overlay_strength=&#8220;0.3&#8243; gradient_direction=&#8220;left_to_right&#8220; shape_divider_position=&#8220;bottom&#8220; bg_image_animation=&#8220;none&#8220; gradient_type=&#8220;default&#8220; shape_type=&#8220;&#8220;][vc_column column_padding=&#8220;no-extra-padding&#8220; column_padding_tablet=&#8220;inherit&#8220; column_padding_phone=&#8220;inherit&#8220; column_padding_position=&#8220;all&#8220; column_element_spacing=&#8220;default&#8220; background_color_opacity=&#8220;1&#8243; background_hover_color_opacity=&#8220;1&#8243; column_shadow=&#8220;none&#8220; column_border_radius=&#8220;none&#8220; column_link_target=&#8220;_self&#8220; column_position=&#8220;default&#8220; gradient_direction=&#8220;left_to_right&#8220; overlay_strength=&#8220;0.3&#8243; width=&#8220;1\/1&#8243; tablet_width_inherit=&#8220;default&#8220; tablet_text_alignment=&#8220;default&#8220; phone_text_alignment=&#8220;default&#8220; animation_type=&#8220;default&#8220; bg_image_animation=&#8220;none&#8220; border_type=&#8220;simple&#8220; column_border_width=&#8220;none&#8220; column_border_style=&#8220;solid&#8220;][image_with_animation image_url=&#8220;113&#8243; image_size=&#8220;full&#8220; animation_type=&#8220;entrance&#8220; animation=&#8220;Fade In&#8220; hover_animation=&#8220;none&#8220; alignment=&#8220;center&#8220; border_radius=&#8220;none&#8220; box_shadow=&#8220;none&#8220; image_loading=&#8220;default&#8220; max_width=&#8220;100%&#8220; max_width_mobile=&#8220;default&#8220;][vc_column_text css=&#8220;.vc_custom_1674654380259{margin-right: 10% !important;margin-left: 10% !important;padding-top: 2% !important;padding-right: 5% !important;padding-bottom: 2% !important;padding-left: 5% !important;}&#8220;]V d\u016fsledku realizace projektu, d\u00edky zapojen\u00ed a p\u0159ed\u00e1v\u00e1n\u00ed jedine\u010dn\u00e9ho know-how jednotliv\u00fdch partner\u016f, spole\u010dn\u00e9mu v\u00fdzkumu a v\u00fdvojov\u00fdm prac\u00edm, d\u00edky pr\u00e1ci jednotliv\u00fdch subjekt\u016f \u00fa\u010dastn\u00edc\u00edch se mezin\u00e1rodn\u00edho projektu, byl vytvo\u0159en prototyp \u010d\u00e1sticov\u00e9ho \u010d\u00edta\u010de s vysokou p\u0159esnost\u00ed, ale z\u00e1rove\u0148 miniaturn\u00edho, nap\u00e1jen\u00e9ho bateriemi.<\/p>\n<p>T\u011bchto parametr\u016f lze dos\u00e1hnout pou\u017eit\u00edm jin\u00e9ho p\u0159\u00edstupu k optick\u00e9mu senzoru ne\u017e je typick\u00e1 metoda rozptylu laserov\u00e9ho sv\u011btla. Koherentn\u00ed sv\u011btlo p\u0159i kontaktu s molekulou v m\u011b\u0159ic\u00ed komo\u0159e vytv\u00e1\u0159\u00ed difrak\u010dn\u00ed obraz. Difrakce se odehr\u00e1v\u00e1 podle Besselovy funkce a pokud se \u010d\u00e1stice nach\u00e1z\u00ed uprost\u0159ed koherentn\u00edho sv\u011bteln\u00e9ho paprsku, vznik\u00e1 symetrick\u00fd obraz. Tento obraz obsahuje minima a maxima intenzity, kter\u00e9 p\u0159\u00edmo souvisej\u00ed s velikost\u00ed \u010d\u00e1stic (viz obr\u00e1zek n\u00ed\u017ee). V projektu ParCour prozkoum\u00e1me mo\u017enost pou\u017eit\u00ed t\u00e9to metody s maticov\u00fdm fotodiodov\u00fdm syst\u00e9mem a LED diodami jako zdrojem sv\u011btla. Fotodiody mus\u00ed b\u00fdt navr\u017eeny tak, aby byly schopny detekovat maxima a minima difrak\u010dn\u00edho obrazu. To by m\u011blo b\u00fdt provedeno b\u011bhem n\u011bkolika \u03bcs a za pou\u017eit\u00ed vhodn\u00e9ho algoritmu anal\u00fdzy. Z tohoto d\u016fvodu mus\u00ed b\u00fdt elektronika navr\u017eena tak, aby \u0159e\u0161ila Besselovu funkci. LED diody mohou poskytovat soudr\u017enost sv\u011btla v rozsahu 10 \u03bcm &#8211; 100 \u03bcm, co\u017e je dostate\u010dn\u00e9 pro velikost m\u011b\u0159en\u00fdch \u010d\u00e1stic do 100 \u03bcm. LED diody jsou v n\u011bkter\u00fdch p\u0159\u00edpadech lep\u0161\u00ed ne\u017e laserov\u00e9 diody, proto\u017ee jsou levn\u011bj\u0161\u00ed a dostupn\u00e9 pro mnoho vlnov\u00fdch d\u00e9lek. Zm\u011bna vlnov\u00e9 d\u00e9lky m\u016f\u017ee umo\u017enit p\u0159esn\u00e9 anal\u00fdzy velikosti a slo\u017een\u00ed \u010d\u00e1stic p\u0159i dal\u0161\u00ed anal\u00fdze fluorescen\u010dn\u00edho sign\u00e1lu.[\/vc_column_text][\/vc_column][\/vc_row][vc_row type=&#8220;full_width_content&#8220; full_screen_row_position=&#8220;middle&#8220; column_margin=&#8220;default&#8220; equal_height=&#8220;yes&#8220; content_placement=&#8220;top&#8220; column_direction=&#8220;default&#8220; column_direction_tablet=&#8220;default&#8220; column_direction_phone=&#8220;default&#8220; bg_color=&#8220;#ffffff&#8220; scene_position=&#8220;center&#8220; top_padding=&#8220;2%&#8220; text_color=&#8220;dark&#8220; text_align=&#8220;left&#8220; row_border_radius=&#8220;none&#8220; row_border_radius_applies=&#8220;bg&#8220; overflow=&#8220;visible&#8220; id=&#8220;kontakt&#8220; advanced_gradient_angle=&#8220;0&#8243; overlay_strength=&#8220;0.3&#8243; gradient_direction=&#8220;left_to_right&#8220; shape_divider_position=&#8220;bottom&#8220; bg_image_animation=&#8220;none&#8220; gradient_type=&#8220;default&#8220; shape_type=&#8220;&#8220;][vc_column column_padding=&#8220;padding-4-percent&#8220; column_padding_tablet=&#8220;inherit&#8220; column_padding_phone=&#8220;padding-10-percent&#8220; column_padding_position=&#8220;left&#8220; top_margin_phone=&#8220;10%&#8220; column_element_spacing=&#8220;default&#8220; background_color_opacity=&#8220;1&#8243; background_hover_color_opacity=&#8220;1&#8243; column_shadow=&#8220;none&#8220; column_border_radius=&#8220;none&#8220; column_link_target=&#8220;_self&#8220; column_position=&#8220;default&#8220; advanced_gradient_angle=&#8220;0&#8243; gradient_direction=&#8220;left_to_right&#8220; overlay_strength=&#8220;0.3&#8243; width=&#8220;1\/4&#8243; tablet_width_inherit=&#8220;default&#8220; tablet_text_alignment=&#8220;default&#8220; phone_text_alignment=&#8220;default&#8220; animation_type=&#8220;default&#8220; bg_image_animation=&#8220;none&#8220; border_type=&#8220;simple&#8220; column_border_width=&#8220;none&#8220; column_border_style=&#8220;solid&#8220; gradient_type=&#8220;default&#8220;][vc_column_text]\n<h3><span style=\"color: #113d68;\"><strong>Kontakt<\/strong><\/span><\/h3>\n[\/vc_column_text][vc_column_text]\n<h6>Kancel\u00e1\u0159 Polska<\/h6>\n<p>ul. Zygmunta Vogla 8 (1. patro)<br \/>02-963 Var\u0161ava <br \/><span style=\"color: #333399;\"><a style=\"color: #333399;\" href=\"mailto:office@larslighting.pl\">office@larslighting.pl<\/a><\/span>[\/vc_column_text][vc_column_text]\n<h6>Registra\u010dn\u00ed \u00fadaje<\/h6>\n<p>Lars Lighting sp. z o.o.<br \/>Zygmunta Vogla 8<br \/>02-963 Var\u0161ava<br \/>NIP \u2013 5342502351[\/vc_column_text][\/vc_column][vc_column column_padding=&#8220;padding-2-percent&#8220; column_padding_tablet=&#8220;inherit&#8220; column_padding_phone=&#8220;inherit&#8220; column_padding_position=&#8220;left-right&#8220; column_element_spacing=&#8220;default&#8220; background_color_opacity=&#8220;1&#8243; background_hover_color_opacity=&#8220;1&#8243; column_shadow=&#8220;none&#8220; column_border_radius=&#8220;none&#8220; column_link_target=&#8220;_self&#8220; column_position=&#8220;default&#8220; advanced_gradient_angle=&#8220;0&#8243; gradient_direction=&#8220;left_to_right&#8220; overlay_strength=&#8220;0.3&#8243; width=&#8220;1\/4&#8243; tablet_width_inherit=&#8220;default&#8220; tablet_text_alignment=&#8220;default&#8220; phone_text_alignment=&#8220;default&#8220; animation_type=&#8220;default&#8220; bg_image_animation=&#8220;none&#8220; border_type=&#8220;simple&#8220; column_border_width=&#8220;none&#8220; column_border_style=&#8220;solid&#8220; gradient_type=&#8220;default&#8220;][divider line_type=&#8220;No Line&#8220; custom_height=&#8220;1%&#8220;][vc_column_text]\n<h6>Lars Lighting \u0160v\u00fdcarsko<\/h6>\n<p>Lars Lighting GmbH<br \/>M\u00fchlegasse 18 \/ Geb\u00e4ude K<br \/>6340 Baar<br \/><span style=\"color: #333399;\"><a style=\"color: #333399;\" href=\"mailto:office@larslighting.com\">office@larslighting.com<\/a><\/span>[\/vc_column_text][vc_column_text]\n<h6>Lars Lighting \u010cesk\u00e1 republika<\/h6>\n<p>Lars Lighting s.r.o.<br \/><span class=\"cGyruf fontBodyMedium RYaupb\"><span class=\"XYuRPe\">Ostravsk\u00e1<\/span> <span class=\"XYuRPe\">594\/4<\/span><\/span> <span class=\"EmLCAe fontBodyMedium\">\u010cesk\u00fd T\u011b\u0161\u00edn,<br \/>\u010cesk\u00e1 republika<br \/><\/span><span style=\"color: #333399;\"><a style=\"color: #333399;\" href=\"mailto:office@larslighting.com\">office@larslighting.com<\/a><\/span>[\/vc_column_text][\/vc_column][vc_column column_padding=&#8220;padding-2-percent&#8220; column_padding_tablet=&#8220;inherit&#8220; column_padding_phone=&#8220;padding-10-percent&#8220; column_padding_position=&#8220;left-right&#8220; column_element_spacing=&#8220;default&#8220; background_color_opacity=&#8220;1&#8243; background_hover_color_opacity=&#8220;1&#8243; column_shadow=&#8220;none&#8220; column_border_radius=&#8220;none&#8220; column_link_target=&#8220;_self&#8220; column_position=&#8220;default&#8220; advanced_gradient_angle=&#8220;0&#8243; gradient_direction=&#8220;left_to_right&#8220; overlay_strength=&#8220;0.3&#8243; width=&#8220;1\/4&#8243; tablet_width_inherit=&#8220;default&#8220; tablet_text_alignment=&#8220;default&#8220; phone_text_alignment=&#8220;default&#8220; animation_type=&#8220;default&#8220; bg_image_animation=&#8220;none&#8220; border_type=&#8220;simple&#8220; column_border_width=&#8220;none&#8220; column_border_style=&#8220;solid&#8220; gradient_type=&#8220;default&#8220;][divider line_type=&#8220;No Line&#8220; custom_height=&#8220;1%&#8220;][vc_column_text]\n<h6>Lars Lighting \u0160pan\u011blsko<\/h6>\n<p>Lars Lighting SL<br \/>Calle Unamuno no 1, Escalera B,<br \/>Piso 3, Local 3B,Orihuela Costa, 03189, Alicante, Espa\u00f1a<br \/><span style=\"color: #333399;\"><a style=\"color: #333399;\" href=\"mailto:office@larslighting.com\">office@larslighting.com<\/a><\/span>[\/vc_column_text][vc_column_text]\n<h6>Lars Lighting Velk\u00e1 Brit\u00e1nie<\/h6>\n<p>Lars Lighting Limited<br \/>14 Blunsdon Road, Swindon<br \/>SN25 1JD England<br \/><span style=\"color: #333399;\"><a style=\"color: #333399;\" href=\"mailto:office@larslighting.com\">office@larslighting.com<\/a><\/span>[\/vc_column_text][\/vc_column][vc_column column_padding=&#8220;padding-2-percent&#8220; column_padding_tablet=&#8220;inherit&#8220; column_padding_phone=&#8220;inherit&#8220; column_padding_position=&#8220;left-right&#8220; column_element_spacing=&#8220;default&#8220; background_color_opacity=&#8220;1&#8243; background_hover_color_opacity=&#8220;1&#8243; column_shadow=&#8220;none&#8220; column_border_radius=&#8220;none&#8220; column_link_target=&#8220;_self&#8220; column_position=&#8220;default&#8220; advanced_gradient_angle=&#8220;0&#8243; gradient_direction=&#8220;left_to_right&#8220; overlay_strength=&#8220;0.3&#8243; width=&#8220;1\/4&#8243; tablet_width_inherit=&#8220;default&#8220; tablet_text_alignment=&#8220;default&#8220; phone_text_alignment=&#8220;default&#8220; animation_type=&#8220;default&#8220; bg_image_animation=&#8220;none&#8220; border_type=&#8220;simple&#8220; column_border_width=&#8220;none&#8220; column_border_style=&#8220;solid&#8220; gradient_type=&#8220;default&#8220;][divider line_type=&#8220;No Line&#8220; custom_height=&#8220;1%&#8220;][vc_column_text]\n<h6>Lars Lighting Spojen\u00e9 st\u00e1ty americk\u00e9<\/h6>\n<p>Lars Lighting LLC<br \/>804 Derby Course Saint Charles,<br \/>IL 60174 United States<br \/><span style=\"color: #333399;\"><a style=\"color: #333399;\" href=\"mailto:office@larslighting.us\">office@larslighting.us<\/a><\/span>[\/vc_column_text][vc_column_text]\n<h6>Lars Lighting Thajsko<\/h6>\n<p>Lars Lighting LLC<br \/><!-- -->No. 624\/115 Aspace ID, Asoke-Dindaeng Road Dindaeng district Bangkok 10400 <br \/><span style=\"color: #333399;\"><a style=\"color: #333399;\" href=\"mailto:tiger.hu@larslighting.com\">tiger.hu@larslighting.com<\/a><\/span>[\/vc_column_text][\/vc_column][\/vc_row]\n","protected":false},"excerpt":{"rendered":"<p>[vc_row type=&#8220;in_container&#8220; full_screen_row_position=&#8220;middle&#8220; column_margin=&#8220;default&#8220; column_direction=&#8220;default&#8220; column_direction_tablet=&#8220;default&#8220; column_direction_phone=&#8220;default&#8220; scene_position=&#8220;center&#8220; left_padding_phone=&#8220;5%&#8220; right_padding_phone=&#8220;5%&#8220; text_color=&#8220;dark&#8220; text_align=&#8220;left&#8220; row_border_radius=&#8220;none&#8220; row_border_radius_applies=&#8220;bg&#8220; overflow=&#8220;visible&#8220; advanced_gradient_angle=&#8220;0&#8243; overlay_strength=&#8220;0.3&#8243; gradient_direction=&#8220;left_to_right&#8220; shape_divider_position=&#8220;bottom&#8220; bg_image_animation=&#8220;none&#8220; gradient_type=&#8220;default&#8220; shape_type=&#8220;&#8220;][vc_column column_padding=&#8220;no-extra-padding&#8220; column_padding_tablet=&#8220;inherit&#8220; column_padding_phone=&#8220;inherit&#8220; column_padding_position=&#8220;all&#8220; column_element_spacing=&#8220;default&#8220; background_color_opacity=&#8220;1&#8243; background_hover_color_opacity=&#8220;1&#8243; column_shadow=&#8220;none&#8220;&#8230;<\/p>\n","protected":false},"author":1,"featured_media":0,"parent":0,"menu_order":0,"comment_status":"closed","ping_status":"closed","template":"","meta":[],"_links":{"self":[{"href":"https:\/\/larslighting.com\/cs\/wp-json\/wp\/v2\/pages\/5493"}],"collection":[{"href":"https:\/\/larslighting.com\/cs\/wp-json\/wp\/v2\/pages"}],"about":[{"href":"https:\/\/larslighting.com\/cs\/wp-json\/wp\/v2\/types\/page"}],"author":[{"embeddable":true,"href":"https:\/\/larslighting.com\/cs\/wp-json\/wp\/v2\/users\/1"}],"replies":[{"embeddable":true,"href":"https:\/\/larslighting.com\/cs\/wp-json\/wp\/v2\/comments?post=5493"}],"version-history":[{"count":15,"href":"https:\/\/larslighting.com\/cs\/wp-json\/wp\/v2\/pages\/5493\/revisions"}],"predecessor-version":[{"id":5679,"href":"https:\/\/larslighting.com\/cs\/wp-json\/wp\/v2\/pages\/5493\/revisions\/5679"}],"wp:attachment":[{"href":"https:\/\/larslighting.com\/cs\/wp-json\/wp\/v2\/media?parent=5493"}],"curies":[{"name":"wp","href":"https:\/\/api.w.org\/{rel}","templated":true}]}}