{"id":5455,"date":"2025-11-17T21:55:02","date_gmt":"2025-11-17T20:55:02","guid":{"rendered":"https:\/\/larslighting.com\/april\/"},"modified":"2025-11-19T10:37:33","modified_gmt":"2025-11-19T09:37:33","slug":"april","status":"publish","type":"page","link":"https:\/\/larslighting.com\/cs\/april\/","title":{"rendered":"April"},"content":{"rendered":"[vc_row type=&#8220;in_container&#8220; full_screen_row_position=&#8220;middle&#8220; column_margin=&#8220;default&#8220; column_direction=&#8220;default&#8220; column_direction_tablet=&#8220;default&#8220; column_direction_phone=&#8220;default&#8220; scene_position=&#8220;center&#8220; left_padding_phone=&#8220;5%&#8220; right_padding_phone=&#8220;5%&#8220; text_color=&#8220;dark&#8220; text_align=&#8220;left&#8220; row_border_radius=&#8220;none&#8220; row_border_radius_applies=&#8220;bg&#8220; overflow=&#8220;visible&#8220; advanced_gradient_angle=&#8220;0&#8243; overlay_strength=&#8220;0.3&#8243; gradient_direction=&#8220;left_to_right&#8220; shape_divider_position=&#8220;bottom&#8220; bg_image_animation=&#8220;none&#8220; gradient_type=&#8220;default&#8220; shape_type=&#8220;&#8220;][vc_column column_padding=&#8220;no-extra-padding&#8220; column_padding_tablet=&#8220;inherit&#8220; column_padding_phone=&#8220;inherit&#8220; column_padding_position=&#8220;all&#8220; column_element_spacing=&#8220;default&#8220; background_color_opacity=&#8220;1&#8243; background_hover_color_opacity=&#8220;1&#8243; column_shadow=&#8220;none&#8220; column_border_radius=&#8220;none&#8220; column_link_target=&#8220;_self&#8220; column_position=&#8220;default&#8220; gradient_direction=&#8220;left_to_right&#8220; overlay_strength=&#8220;0.3&#8243; width=&#8220;1\/1&#8243; tablet_width_inherit=&#8220;default&#8220; tablet_text_alignment=&#8220;default&#8220; phone_text_alignment=&#8220;default&#8220; animation_type=&#8220;default&#8220; bg_image_animation=&#8220;none&#8220; border_type=&#8220;simple&#8220; column_border_width=&#8220;none&#8220; column_border_style=&#8220;solid&#8220;][vc_column_text]\n<h3>Projekt April<\/h3>\n<p><em>dokon\u010deno v roce 2020.Q3<\/em>[\/vc_column_text][\/vc_column][\/vc_row][vc_row type=&#8220;in_container&#8220; full_screen_row_position=&#8220;middle&#8220; column_margin=&#8220;default&#8220; column_direction=&#8220;default&#8220; column_direction_tablet=&#8220;default&#8220; column_direction_phone=&#8220;default&#8220; scene_position=&#8220;center&#8220; left_padding_phone=&#8220;5%&#8220; right_padding_phone=&#8220;5%&#8220; text_color=&#8220;dark&#8220; text_align=&#8220;left&#8220; row_border_radius=&#8220;none&#8220; row_border_radius_applies=&#8220;bg&#8220; overflow=&#8220;visible&#8220; advanced_gradient_angle=&#8220;0&#8243; overlay_strength=&#8220;0.3&#8243; gradient_direction=&#8220;left_to_right&#8220; shape_divider_position=&#8220;bottom&#8220; bg_image_animation=&#8220;none&#8220; gradient_type=&#8220;default&#8220; shape_type=&#8220;&#8220;][vc_column column_padding=&#8220;no-extra-padding&#8220; column_padding_tablet=&#8220;inherit&#8220; column_padding_phone=&#8220;inherit&#8220; column_padding_position=&#8220;all&#8220; column_element_spacing=&#8220;default&#8220; background_color_opacity=&#8220;1&#8243; background_hover_color_opacity=&#8220;1&#8243; column_shadow=&#8220;none&#8220; column_border_radius=&#8220;none&#8220; column_link_target=&#8220;_self&#8220; column_position=&#8220;default&#8220; gradient_direction=&#8220;left_to_right&#8220; overlay_strength=&#8220;0.3&#8243; width=&#8220;1\/2&#8243; tablet_width_inherit=&#8220;default&#8220; tablet_text_alignment=&#8220;default&#8220; phone_text_alignment=&#8220;default&#8220; animation_type=&#8220;default&#8220; bg_image_animation=&#8220;none&#8220; border_type=&#8220;simple&#8220; column_border_width=&#8220;none&#8220; column_border_style=&#8220;solid&#8220;][vc_column_text]C\u00edlem projektu APRIL bylo vyvinout osv\u011btlovac\u00ed syst\u00e9m (\u0159adu sv\u00edtidel) vybaven\u00fd moduly adaptivn\u00edho, p\u0159\u00edtomnost\u00ed \u0159\u00edzen\u00e9ho, integrovan\u00e9ho a regulovateln\u00e9ho osv\u011btlovac\u00edho syst\u00e9mu. V r\u00e1mci projektu bude vyvinuta \u0159ada kl\u00ed\u010dov\u00fdch \u0159e\u0161en\u00ed tvo\u0159\u00edc\u00edch tento syst\u00e9m, kter\u00e1 spole\u010dn\u011b p\u0159edstavuj\u00ed inovativnost a originalitu \u0159e\u0161en\u00ed: <\/p>\n<p>Senzor p\u0159\u00edtomnosti \u2013 bude vyvinut na z\u00e1klad\u011b fotometrick\u00e9ho polovodi\u010dov\u00e9ho teplotn\u00edho senzoru.<\/p>\n<p>M\u00edch\u00e1n\u00ed denn\u00edho sv\u011btla \u2013 S emitovan\u00fdm osv\u011btlen\u00edm bude spolupracovat adaptivn\u00ed syst\u00e9m spolupracuj\u00edc\u00ed se senzorem \u00farovn\u011b osv\u011btlen\u00ed (fotodetektorem \u2013 luxmetrem), d\u00edky kter\u00e9mu bude mo\u017en\u00e9 m\u011b\u0159it osv\u011btlen\u00ed pracovn\u00ed plochy. V p\u0159\u00edpad\u011b, \u017ee se objev\u00ed a dopln\u00ed osv\u011btlen\u00ed proudem denn\u00edho sv\u011btla (vstupuj\u00edc\u00edho okny, sv\u011btl\u00edky atd.), bude adaptivn\u00ed syst\u00e9m regulovat (zaji\u0161\u0165ovat m\u00edch\u00e1n\u00ed) denn\u00edho sv\u011btla se sv\u011btlem z LED lamp (v\u00fdkon lamp bude sn\u00ed\u017een, aby byl zachov\u00e1n stanoven\u00fd sv\u011bteln\u00fd tok na pracovn\u00ed plo\u0161e), co\u017e zajist\u00ed \u00fasporu energie p\u0159i zachov\u00e1n\u00ed stanoven\u00fdch parametr\u016f osv\u011btlen\u00ed pracovn\u00ed plochy. Takov\u00fd syst\u00e9m zaru\u010d\u00ed vysok\u00fd komfort pro osoby pob\u00fdvaj\u00edc\u00ed v m\u00edstnosti, proto\u017ee bude doch\u00e1zet k plynul\u00e9 regulaci intenzity osv\u011btlen\u00ed. Setk\u00e1n\u00ed soumraku bude kompenzov\u00e1no um\u011bl\u00fdm sv\u011btlem vyza\u0159ovan\u00fdm LED diodami, c\u00edlem je zajistit po\u017eadovan\u00e9 osv\u011btlen\u00ed na pracovn\u00ed plo\u0161e.   <\/p>\n<p>S\u00ed\u0165 integruj\u00edc\u00ed sadu lamp \u2013 Jednotliv\u00e9 lampy v m\u00edstnosti budou komunikovat prost\u0159ednictv\u00edm s\u00edt\u011b vytvo\u0159en\u00e9 ad hoc b\u011bhem instalace, pot\u00e9 bude s\u00ed\u0165 udr\u017eov\u00e1na a informace o intenzit\u011b sv\u011btla pod jednotliv\u00fdmi sv\u00edtidly budou p\u0159en\u00e1\u0161eny pomoc\u00ed \u201ekr\u00e1tk\u00e9ho r\u00e1dia\u201c (nap\u0159. ZIGBEE) jednotliv\u00fdm sv\u00edtidl\u016fm, p\u0159enos bude obsahovat informace o \u00farovni intenzity osv\u011btlen\u00ed v m\u011b\u0159ic\u00edm bod\u011b, co\u017e umo\u017en\u00ed pr\u016fb\u011b\u017en\u011b korigovat sv\u00edtivost lampy.<\/p>\n<p>Inteligentn\u00ed nap\u00e1jec\u00ed zdroj \u2013 z hlediska \u00fa\u010dinnosti syst\u00e9m\u016f je d\u016fle\u017eit\u00fdm parametrem spot\u0159eba energie v pohotovostn\u00edm re\u017eimu nebo v re\u017eimu, kdy nen\u00ed zapot\u0159eb\u00ed pln\u00fd v\u00fdkon osv\u011btlen\u00ed, nap\u0159. v d\u016fsledku detekce denn\u00edho sv\u011btla osv\u011btluj\u00edc\u00edho pracovi\u0161t\u011b, kdy je v\u00fdkon lampy omezen na 5 % a\u017e 80 %. Bude navr\u017een inteligentn\u00ed nap\u00e1jec\u00ed zdroj, kter\u00fd v p\u0159\u00edpad\u011b sn\u00ed\u017een\u00e9 spot\u0159eby proudu bude tak\u00e9 omezovat vlastn\u00ed spot\u0159ebu energie.[\/vc_column_text][\/vc_column][vc_column column_padding=&#8220;no-extra-padding&#8220; column_padding_tablet=&#8220;inherit&#8220; column_padding_phone=&#8220;inherit&#8220; column_padding_position=&#8220;all&#8220; column_element_spacing=&#8220;default&#8220; sticky_content=&#8220;true&#8220; sticky_content_functionality=&#8220;js&#8220; background_color_opacity=&#8220;1&#8243; background_hover_color_opacity=&#8220;1&#8243; column_shadow=&#8220;none&#8220; column_border_radius=&#8220;none&#8220; column_link_target=&#8220;_self&#8220; column_position=&#8220;default&#8220; advanced_gradient_angle=&#8220;0&#8243; gradient_direction=&#8220;left_to_right&#8220; overlay_strength=&#8220;0.3&#8243; width=&#8220;1\/2&#8243; tablet_width_inherit=&#8220;default&#8220; tablet_text_alignment=&#8220;default&#8220; phone_text_alignment=&#8220;default&#8220; animation_type=&#8220;default&#8220; bg_image_animation=&#8220;none&#8220; border_type=&#8220;simple&#8220; column_border_width=&#8220;none&#8220; column_border_style=&#8220;solid&#8220; gradient_type=&#8220;default&#8220;][image_with_animation image_url=&#8220;119&#8243; image_size=&#8220;full&#8220; animation_type=&#8220;entrance&#8220; animation=&#8220;Fade In&#8220; hover_animation=&#8220;none&#8220; alignment=&#8220;center&#8220; border_radius=&#8220;none&#8220; box_shadow=&#8220;none&#8220; image_loading=&#8220;default&#8220; max_width=&#8220;100%&#8220; max_width_mobile=&#8220;default&#8220;][\/vc_column][\/vc_row][vc_row type=&#8220;full_width_content&#8220; full_screen_row_position=&#8220;middle&#8220; column_margin=&#8220;default&#8220; equal_height=&#8220;yes&#8220; content_placement=&#8220;top&#8220; column_direction=&#8220;default&#8220; column_direction_tablet=&#8220;default&#8220; column_direction_phone=&#8220;default&#8220; bg_color=&#8220;#ffffff&#8220; scene_position=&#8220;center&#8220; top_padding=&#8220;1%&#8220; text_color=&#8220;dark&#8220; text_align=&#8220;left&#8220; row_border_radius=&#8220;none&#8220; row_border_radius_applies=&#8220;bg&#8220; overflow=&#8220;visible&#8220; id=&#8220;contact&#8220; advanced_gradient_angle=&#8220;0&#8243; overlay_strength=&#8220;0.3&#8243; gradient_direction=&#8220;left_to_right&#8220; shape_divider_position=&#8220;bottom&#8220; bg_image_animation=&#8220;none&#8220; gradient_type=&#8220;default&#8220; shape_type=&#8220;&#8220;][vc_column column_padding=&#8220;no-extra-padding&#8220; column_padding_tablet=&#8220;inherit&#8220; column_padding_phone=&#8220;inherit&#8220; column_padding_position=&#8220;all&#8220; column_element_spacing=&#8220;default&#8220; background_color_opacity=&#8220;1&#8243; background_hover_color_opacity=&#8220;1&#8243; column_shadow=&#8220;none&#8220; column_border_radius=&#8220;none&#8220; column_link_target=&#8220;_self&#8220; column_position=&#8220;default&#8220; gradient_direction=&#8220;left_to_right&#8220; overlay_strength=&#8220;0.3&#8243; width=&#8220;1\/2&#8243; tablet_width_inherit=&#8220;default&#8220; tablet_text_alignment=&#8220;default&#8220; phone_text_alignment=&#8220;default&#8220; animation_type=&#8220;default&#8220; bg_image_animation=&#8220;none&#8220; border_type=&#8220;simple&#8220; column_border_width=&#8220;none&#8220; column_border_style=&#8220;solid&#8220;][nectar_gmap map_type=&#8220;google&#8220; zoom=&#8220;2&#8243; enable_zoom=&#8220;1&#8243; marker_style=&#8220;nectar&#8220; nectar_marker_color=&#8220;accent-color&#8220; marker_animation=&#8220;1&#8243; map_greyscale=&#8220;1&#8243; map_color=&#8220;#113d68&#8243; size=&#8220;700&#8243; map_markers=&#8220;41.92502262835013|-88.28564146441786| Lars Lighting US 52.159926761128595|21.08941932381055| Lars Lighting Poland 47.19976896427977|8.526786898374311| Lars Lighting Switzerland 37.91185410997967|-0.7374941364157802| Lars Lighting Spain 13.757322422785835|100.560090978311| Lars Lighting Thailand 49.7463852250441|18.62149153891804| Lars Lighting Czech Republic&#8220;][\/vc_column][vc_column column_padding=&#8220;padding-4-percent&#8220; column_padding_tablet=&#8220;inherit&#8220; column_padding_phone=&#8220;padding-10-percent&#8220; column_padding_position=&#8220;left&#8220; top_margin_phone=&#8220;10%&#8220; column_element_spacing=&#8220;default&#8220; background_color_opacity=&#8220;1&#8243; background_hover_color_opacity=&#8220;1&#8243; column_shadow=&#8220;none&#8220; column_border_radius=&#8220;none&#8220; column_link_target=&#8220;_self&#8220; column_position=&#8220;default&#8220; advanced_gradient_angle=&#8220;0&#8243; gradient_direction=&#8220;left_to_right&#8220; overlay_strength=&#8220;0.3&#8243; width=&#8220;1\/4&#8243; tablet_width_inherit=&#8220;default&#8220; tablet_text_alignment=&#8220;default&#8220; phone_text_alignment=&#8220;default&#8220; animation_type=&#8220;default&#8220; bg_image_animation=&#8220;none&#8220; border_type=&#8220;simple&#8220; column_border_width=&#8220;none&#8220; column_border_style=&#8220;solid&#8220; gradient_type=&#8220;default&#8220;][vc_column_text]\n<h3><span style=\"color: #113d68;\"><strong>Kontakt<\/strong><\/span><\/h3>\n[\/vc_column_text][vc_column_text]\n<h6>Kancel\u00e1\u0159 Polska<\/h6>\n<p>ul. Zygmunta Vogla 8 (1. patro)<br \/>\n02-963 Var\u0161ava<br \/>\n<span style=\"color: #333399;\"><a style=\"color: #333399;\" href=\"mailto:office@larslighting.pl\">office@larslighting.pl<\/a><\/span>[\/vc_column_text][vc_column_text]\n<h6>Registra\u010dn\u00ed \u00fadaje<\/h6>\n<p>Lars Lighting sp. z o.o.<br \/>\nUl. Zygmunta Vogla 8<br \/>\n02\u00ad-963 Var\u0161ava<br \/>\nNIP \u2013 5342502351[\/vc_column_text][vc_column_text]\n<h6>Lars Lighting \u0160pan\u011blsko<\/h6>\n<p>Lars Lighting SL<br \/>\nCalle Unamuno no 1, Escalera B,<br \/>\nPiso 3, Local 3B,Orihuela Costa, 03189, Alicante, Espa\u00f1a<br \/>\n<span style=\"color: #333399;\"><a style=\"color: #333399;\" href=\"mailto:office@larslighting.com\">office@larslighting.com<\/a><\/span>[\/vc_column_text][vc_column_text]\n<h6>Lars Lighting \u010cesk\u00e1 republika<\/h6>\n<p>Lars Lighting s.r.o.<br \/>\n<span class=\"cGyruf fontBodyMedium RYaupb\"><span class=\"XYuRPe\">Ostravsk\u00e1<\/span> <span class=\"XYuRPe\">594\/4<\/span><\/span> <span class=\"EmLCAe fontBodyMedium\">\u010cesk\u00fd T\u011b\u0161\u00edn,<br \/>\n\u010cesk\u00e1 republika<br \/>\n<\/span><span style=\"color: #333399;\"><a style=\"color: #333399;\" href=\"mailto:office@larslighting.com\">office@larslighting.com<\/a><\/span>[\/vc_column_text][\/vc_column][vc_column column_padding=&#8220;padding-3-percent&#8220; column_padding_tablet=&#8220;inherit&#8220; column_padding_phone=&#8220;padding-10-percent&#8220; column_padding_position=&#8220;left&#8220; top_margin=&#8220;3%&#8220; column_element_spacing=&#8220;default&#8220; background_color_opacity=&#8220;1&#8243; background_hover_color_opacity=&#8220;1&#8243; column_shadow=&#8220;none&#8220; column_border_radius=&#8220;none&#8220; column_link_target=&#8220;_self&#8220; column_position=&#8220;default&#8220; advanced_gradient_angle=&#8220;0&#8243; gradient_direction=&#8220;left_to_right&#8220; overlay_strength=&#8220;0.3&#8243; width=&#8220;1\/4&#8243; tablet_width_inherit=&#8220;default&#8220; tablet_text_alignment=&#8220;default&#8220; phone_text_alignment=&#8220;default&#8220; animation_type=&#8220;default&#8220; bg_image_animation=&#8220;none&#8220; border_type=&#8220;simple&#8220; column_border_width=&#8220;none&#8220; column_border_style=&#8220;solid&#8220; gradient_type=&#8220;default&#8220;][divider line_type=&#8220;No Line&#8220; custom_height=&#8220;1%&#8220;][vc_column_text]\n<h6>Lars Lighting Spojen\u00e9 st\u00e1ty americk\u00e9<\/h6>\n<p>Lars Lighting LLC<br \/>\n804 Derby Course Saint Charles,<br \/>\nIL 60174 Spojen\u00e9 st\u00e1ty americk\u00e9<br \/>\n<span style=\"color: #333399;\"><a style=\"color: #333399;\" href=\"mailto:office@larslighting.us\">office@larslighting.us<\/a><\/span>[\/vc_column_text][vc_column_text]\n<h6>Lars Lighting \u0160v\u00fdcarsko<\/h6>\n<p>Lars Lighting GmbH<br \/>\nM\u00fchlegasse 18 \/ Geb\u00e4ude K<br \/>\n6340 Baar<br \/>\n<span style=\"color: #333399;\"><a style=\"color: #333399;\" href=\"mailto:office@larslighting.com\">office@larslighting.com<\/a><\/span>[\/vc_column_text][vc_column_text]\n<h6>Lars Lighting Thajsko<\/h6>\n<p>Lars Lighting LLC<br \/>\nNo. 624\/115 Aspace ID, Asoke-Dindaeng Road Dindaeng district Bangkok 10400<br \/>\n<span style=\"color: #333399;\"><a style=\"color: #333399;\" href=\"mailto:tiger.hu@larslighting.com\">tiger.hu@larslighting.com<\/a><\/span>[\/vc_column_text][\/vc_column][\/vc_row]\n","protected":false},"excerpt":{"rendered":"<p>[vc_row type=&#8220;in_container&#8220; full_screen_row_position=&#8220;middle&#8220; column_margin=&#8220;default&#8220; column_direction=&#8220;default&#8220; column_direction_tablet=&#8220;default&#8220; column_direction_phone=&#8220;default&#8220; scene_position=&#8220;center&#8220; left_padding_phone=&#8220;5%&#8220; right_padding_phone=&#8220;5%&#8220; text_color=&#8220;dark&#8220; text_align=&#8220;left&#8220; row_border_radius=&#8220;none&#8220; row_border_radius_applies=&#8220;bg&#8220; overflow=&#8220;visible&#8220; advanced_gradient_angle=&#8220;0&#8243; overlay_strength=&#8220;0.3&#8243; gradient_direction=&#8220;left_to_right&#8220; shape_divider_position=&#8220;bottom&#8220; bg_image_animation=&#8220;none&#8220; gradient_type=&#8220;default&#8220; shape_type=&#8220;&#8220;][vc_column column_padding=&#8220;no-extra-padding&#8220; column_padding_tablet=&#8220;inherit&#8220; column_padding_phone=&#8220;inherit&#8220; column_padding_position=&#8220;all&#8220; column_element_spacing=&#8220;default&#8220; background_color_opacity=&#8220;1&#8243; background_hover_color_opacity=&#8220;1&#8243; column_shadow=&#8220;none&#8220;&#8230;<\/p>\n","protected":false},"author":1,"featured_media":0,"parent":0,"menu_order":0,"comment_status":"closed","ping_status":"closed","template":"","meta":[],"_links":{"self":[{"href":"https:\/\/larslighting.com\/cs\/wp-json\/wp\/v2\/pages\/5455"}],"collection":[{"href":"https:\/\/larslighting.com\/cs\/wp-json\/wp\/v2\/pages"}],"about":[{"href":"https:\/\/larslighting.com\/cs\/wp-json\/wp\/v2\/types\/page"}],"author":[{"embeddable":true,"href":"https:\/\/larslighting.com\/cs\/wp-json\/wp\/v2\/users\/1"}],"replies":[{"embeddable":true,"href":"https:\/\/larslighting.com\/cs\/wp-json\/wp\/v2\/comments?post=5455"}],"version-history":[{"count":5,"href":"https:\/\/larslighting.com\/cs\/wp-json\/wp\/v2\/pages\/5455\/revisions"}],"predecessor-version":[{"id":5736,"href":"https:\/\/larslighting.com\/cs\/wp-json\/wp\/v2\/pages\/5455\/revisions\/5736"}],"wp:attachment":[{"href":"https:\/\/larslighting.com\/cs\/wp-json\/wp\/v2\/media?parent=5455"}],"curies":[{"name":"wp","href":"https:\/\/api.w.org\/{rel}","templated":true}]}}