{"id":5248,"date":"2025-11-17T11:08:03","date_gmt":"2025-11-17T10:08:03","guid":{"rendered":"https:\/\/larslighting.com\/milewianse\/"},"modified":"2025-11-17T11:08:04","modified_gmt":"2025-11-17T10:08:04","slug":"milewianse","status":"publish","type":"page","link":"https:\/\/larslighting.com\/cs\/milewianse\/","title":{"rendered":"Milewianse"},"content":{"rendered":"[vc_row type=&#8220;in_container&#8220; full_screen_row_position=&#8220;middle&#8220; column_margin=&#8220;default&#8220; column_direction=&#8220;default&#8220; column_direction_tablet=&#8220;default&#8220; column_direction_phone=&#8220;default&#8220; scene_position=&#8220;center&#8220; text_color=&#8220;dark&#8220; text_align=&#8220;left&#8220; row_border_radius=&#8220;none&#8220; row_border_radius_applies=&#8220;bg&#8220; overflow=&#8220;visible&#8220; overlay_strength=&#8220;0.3&#8243; gradient_direction=&#8220;left_to_right&#8220; shape_divider_position=&#8220;bottom&#8220; bg_image_animation=&#8220;none&#8220;][vc_column column_padding=&#8220;no-extra-padding&#8220; column_padding_tablet=&#8220;inherit&#8220; column_padding_phone=&#8220;inherit&#8220; column_padding_position=&#8220;all&#8220; column_element_spacing=&#8220;default&#8220; background_color_opacity=&#8220;1&#8243; background_hover_color_opacity=&#8220;1&#8243; column_shadow=&#8220;none&#8220; column_border_radius=&#8220;none&#8220; column_link_target=&#8220;_self&#8220; column_position=&#8220;default&#8220; gradient_direction=&#8220;left_to_right&#8220; overlay_strength=&#8220;0.3&#8243; width=&#8220;1\/1&#8243; tablet_width_inherit=&#8220;default&#8220; tablet_text_alignment=&#8220;default&#8220; phone_text_alignment=&#8220;default&#8220; animation_type=&#8220;default&#8220; bg_image_animation=&#8220;none&#8220; border_type=&#8220;simple&#8220; column_border_width=&#8220;none&#8220; column_border_style=&#8220;solid&#8220;][vc_column_text]\n<h3>Projekt Milewianse<\/h3>\n[\/vc_column_text][\/vc_column][\/vc_row][vc_row type=&#8220;in_container&#8220; full_screen_row_position=&#8220;middle&#8220; column_margin=&#8220;default&#8220; column_direction=&#8220;default&#8220; column_direction_tablet=&#8220;default&#8220; column_direction_phone=&#8220;default&#8220; scene_position=&#8220;center&#8220; text_color=&#8220;dark&#8220; text_align=&#8220;left&#8220; row_border_radius=&#8220;none&#8220; row_border_radius_applies=&#8220;bg&#8220; overflow=&#8220;visible&#8220; overlay_strength=&#8220;0.3&#8243; gradient_direction=&#8220;left_to_right&#8220; shape_divider_position=&#8220;bottom&#8220; bg_image_animation=&#8220;none&#8220;][vc_column column_padding=&#8220;no-extra-padding&#8220; column_padding_tablet=&#8220;inherit&#8220; column_padding_phone=&#8220;inherit&#8220; column_padding_position=&#8220;all&#8220; column_element_spacing=&#8220;default&#8220; background_color_opacity=&#8220;1&#8243; background_hover_color_opacity=&#8220;1&#8243; column_shadow=&#8220;none&#8220; column_border_radius=&#8220;none&#8220; column_link_target=&#8220;_self&#8220; column_position=&#8220;default&#8220; gradient_direction=&#8220;left_to_right&#8220; overlay_strength=&#8220;0.3&#8243; width=&#8220;1\/1&#8243; tablet_width_inherit=&#8220;default&#8220; tablet_text_alignment=&#8220;default&#8220; phone_text_alignment=&#8220;default&#8220; animation_type=&#8220;default&#8220; bg_image_animation=&#8220;none&#8220; border_type=&#8220;simple&#8220; column_border_width=&#8220;none&#8220; column_border_style=&#8220;solid&#8220;][vc_column_text]\n<p style=\"font-weight: 400;\"><b>N\u00e1zev projektu: \u0160iroko\u00fahl\u00fd senzor s mikrol\u0119\u010dkou<\/b><\/p>\n<p style=\"font-weight: 400;\">\n<p style=\"font-weight: 400;\">Lars Lighting Sp. z o. o. ve spolupr\u00e1ci s v\u00fdzkumnou s\u00edt\u00ed \u0141ukasiewicz \u2013 Institut mikrelektroniky a fotoniky (vedouc\u00ed) realizovala projekt spolufinancovan\u00fd N\u00e1rodn\u00edm centrem pro v\u00fdzkum a rozvoj v r\u00e1mci 4. sout\u011b\u017ee Polska-Berl\u00edn-Brandenburg v oblasti fotoniky.   <\/p>\n<p style=\"font-weight: 400;\">\n<div>Hodnota projektu (Lars Lighting): 1 135 984,32 PLN<\/div>\n<div><\/div>\n<div>Hodnota dotace (Lars Lighting): 860 000,41 PLN<\/div>\n<div><\/div>\n<div>Doba realizace projektu: 1. dubna 2020 \u2013 31. b\u0159ezna 2024<\/div>\n[\/vc_column_text][image_with_animation image_url=&#8220;4363&#8243; image_size=&#8220;full&#8220; animation_type=&#8220;entrance&#8220; animation=&#8220;Fade In&#8220; hover_animation=&#8220;none&#8220; alignment=&#8220;&#8220; border_radius=&#8220;none&#8220; box_shadow=&#8220;none&#8220; image_loading=&#8220;default&#8220; max_width=&#8220;100%&#8220; max_width_mobile=&#8220;default&#8220;][\/vc_column][\/vc_row][vc_row type=&#8220;in_container&#8220; full_screen_row_position=&#8220;middle&#8220; column_margin=&#8220;default&#8220; column_direction=&#8220;default&#8220; column_direction_tablet=&#8220;default&#8220; column_direction_phone=&#8220;default&#8220; scene_position=&#8220;center&#8220; text_color=&#8220;dark&#8220; text_align=&#8220;left&#8220; row_border_radius=&#8220;none&#8220; row_border_radius_applies=&#8220;bg&#8220; overflow=&#8220;visible&#8220; overlay_strength=&#8220;0.3&#8243; gradient_direction=&#8220;left_to_right&#8220; shape_divider_position=&#8220;bottom&#8220; bg_image_animation=&#8220;none&#8220;][vc_column column_padding=&#8220;no-extra-padding&#8220; column_padding_tablet=&#8220;inherit&#8220; column_padding_phone=&#8220;inherit&#8220; column_padding_position=&#8220;all&#8220; column_element_spacing=&#8220;default&#8220; background_color_opacity=&#8220;1&#8243; background_hover_color_opacity=&#8220;1&#8243; column_shadow=&#8220;none&#8220; column_border_radius=&#8220;none&#8220; column_link_target=&#8220;_self&#8220; column_position=&#8220;default&#8220; gradient_direction=&#8220;left_to_right&#8220; overlay_strength=&#8220;0.3&#8243; width=&#8220;1\/2&#8243; tablet_width_inherit=&#8220;default&#8220; tablet_text_alignment=&#8220;default&#8220; phone_text_alignment=&#8220;default&#8220; animation_type=&#8220;default&#8220; bg_image_animation=&#8220;none&#8220; border_type=&#8220;simple&#8220; column_border_width=&#8220;none&#8220; column_border_style=&#8220;solid&#8220;][vc_column_text]V\u00fdsledkem pr\u00e1ce konsorcia projektu bude v\u00fdvoj senzoru zalo\u017een\u00e9ho na termometrii, kter\u00fd umo\u017en\u00ed rozli\u0161ov\u00e1n\u00ed objekt\u016f v m\u00edstnosti na z\u00e1klad\u011b anal\u00fdzy obrazu z\u00edskan\u00e9ho m\u011b\u0159en\u00edm rozlo\u017een\u00ed teploty v m\u00edstnostech.<\/p>\n<p>Na trhu jsou nab\u00edzeny IR matrice zalo\u017een\u00e9 na polovodi\u010dov\u00fdch prvc\u00edch vyroben\u00fdch na b\u00e1zi antimonku india (InSb). Obvykle se pou\u017e\u00edvaj\u00ed v pokro\u010dil\u00fdch termovizn\u00edch kamer\u00e1ch FLIR. Jsou v\u0161ak p\u0159\u00edli\u0161 drah\u00e9 na to, aby na jejich z\u00e1klad\u011b bylo mo\u017en\u00e9 vyrobit senzor pl\u00e1novan\u00fd v r\u00e1mci projektu. V posledn\u00edch letech se za\u010d\u00ednaj\u00ed objevovat termoelektrick\u00e9 detektory (IR) zalo\u017een\u00e9 na technologi\u00edch MEMS.   <\/p>\n<p>Najde v\u0161estrann\u00e9 uplatn\u011bn\u00ed v mnoha oblastech:<\/p>\n<p>\u0159\u00edzen\u00ed osv\u011btlen\u00ed, automatizace budov (ventilace, vyt\u00e1p\u011bn\u00ed), popla\u0161n\u00fdch syst\u00e9m\u016f a jako prvky po\u017e\u00e1rn\u00ed ochrany. Budou pou\u017eity nov\u00e9 infra\u010derven\u00e9 detektory vyroben\u00e9 na b\u00e1zi v\u00edcevrstv\u00fdch termoelektrick\u00fdch struktur (angl. Thermoplile), kter\u00e9 jsou v d\u016fsledku v\u00fdvoje technologie MEMS od ned\u00e1vna dostupn\u00e9 na trhu. Aby bylo mo\u017en\u00e9 vyrobit po\u017eadovan\u00e9 senzory na b\u00e1zi IR detektor\u016f, bude nutn\u00e9 \u010delit mnoha technologick\u00fdm v\u00fdzv\u00e1m.<\/p>\n<p>Inovativn\u00edm prvkem bude mo\u017enost rozd\u011blit m\u00edstnost na n\u011bkolik z\u00f3n (p\u0159edb\u011b\u017en\u00fd p\u0159edpoklad po\u010d\u00edt\u00e1 se 4 z\u00f3nami, jejich po\u010det v\u0161ak m\u016f\u017ee b\u00fdt vy\u0161\u0161\u00ed) a spolupr\u00e1ce se syst\u00e9mem spr\u00e1vy budovy (BMS), kter\u00fd ovl\u00e1d\u00e1 vyt\u00e1p\u011bn\u00ed, klimatizaci a v\u011btr\u00e1n\u00ed. V sou\u010dasn\u00e9 dob\u011b se obvykle pou\u017e\u00edv\u00e1 pouze jeden sn\u00edma\u010d teploty m\u00edstnosti, kter\u00fd je p\u0159ipevn\u011bn u vchodu nebo na zdi. Mo\u017enost m\u011b\u0159en\u00ed teploty v z\u00f3n\u011b v kombinaci s dal\u0161\u00edmi informacemi o p\u0159\u00edtomnosti osob umo\u017en\u00ed velmi jemn\u00e9 \u0159\u00edzen\u00ed vyt\u00e1p\u011bn\u00ed a klimatizace. To p\u0159isp\u011bje k \u00faspor\u00e1m energie. Podobnou funk\u010dnost lze dos\u00e1hnout v automobilu, kde jsou obvykle 2 klimatick\u00e9 z\u00f3ny. V navrhovan\u00e9m \u0159e\u0161en\u00ed se objev\u00ed mo\u017enost zaveden\u00ed 4 nebo v\u00edce komfortn\u00edch z\u00f3n v kancel\u00e1\u0159sk\u00fdch prostor\u00e1ch.     <\/p>\n<p>Algoritmus pro detekci kritick\u00fdch teplot, tedy teplot, kter\u00e9 mohou v\u00e9st k po\u017e\u00e1ru, bude dal\u0161\u00ed velmi inovativn\u00ed funkc\u00ed. Sou\u010dasn\u00e9 dostupn\u00e9 senzory reaguj\u00ed na kou\u0159, kter\u00fd se objevuje a\u017e v pr\u016fb\u011bhu po\u017e\u00e1ru. \u010c\u00edm v\u011bt\u0161\u00ed je teplotn\u00ed rozd\u00edl mezi detektorem a m\u011b\u0159en\u00fdm objektem, t\u00edm p\u0159esn\u011bj\u0161\u00ed jsou v\u00fdsledky m\u011b\u0159en\u00ed infra\u010derven\u00fdch detektor\u016f IR. Detekce teplot v rozmez\u00ed 100, 200 nebo dokonce 400 stup\u0148\u016f by nem\u011bla p\u0159edstavovat \u017e\u00e1dn\u00fd probl\u00e9m. Hlavn\u00edm p\u0159edm\u011btem v\u00fdzkumu bude eliminace ru\u0161iv\u00fdch vliv\u016f, tj. eliminace radi\u00e1tor\u016f, spor\u00e1k\u016f a jin\u00fdch zdroj\u016f tepla, kter\u00e9 nep\u0159edstavuj\u00ed po\u017e\u00e1rn\u00ed riziko.    <\/p>\n<p>To umo\u017en\u00ed eliminovat fale\u0161n\u00e9 poplachy, tj. ne\u017e\u00e1douc\u00ed alarmy v situac\u00edch, kdy nehroz\u00ed \u017e\u00e1dn\u00e9 nebezpe\u010d\u00ed.<\/p>\n<p>Spojen\u00ed po\u017e\u00e1rn\u00edho alarmu s informac\u00ed o p\u0159\u00edtomnosti osob, kter\u00e9 se st\u00e1le nach\u00e1zej\u00ed v prostor\u00e1ch, bude tak\u00e9 velmi inovativn\u00ed funkc\u00ed, kter\u00e1 podpo\u0159\u00ed eliminaci rizik a efektivitu evakuace. Hasi\u010di se tak budou moci nejprve vydat do prostor, kde se nach\u00e1zej\u00ed osoby.[\/vc_column_text][\/vc_column][vc_column column_padding=&#8220;no-extra-padding&#8220; column_padding_tablet=&#8220;inherit&#8220; column_padding_phone=&#8220;inherit&#8220; column_padding_position=&#8220;all&#8220; column_element_spacing=&#8220;default&#8220; sticky_content=&#8220;true&#8220; sticky_content_functionality=&#8220;js&#8220; background_color_opacity=&#8220;1&#8243; background_hover_color_opacity=&#8220;1&#8243; column_shadow=&#8220;none&#8220; column_border_radius=&#8220;none&#8220; column_link_target=&#8220;_self&#8220; column_position=&#8220;default&#8220; advanced_gradient_angle=&#8220;0&#8243; gradient_direction=&#8220;left_to_right&#8220; overlay_strength=&#8220;0.3&#8243; width=&#8220;1\/2&#8243; tablet_width_inherit=&#8220;default&#8220; tablet_text_alignment=&#8220;default&#8220; phone_text_alignment=&#8220;default&#8220; animation_type=&#8220;default&#8220; bg_image_animation=&#8220;none&#8220; border_type=&#8220;simple&#8220; column_border_width=&#8220;none&#8220; column_border_style=&#8220;solid&#8220; gradient_type=&#8220;default&#8220;][image_with_animation image_url=&#8220;102&#8243; image_size=&#8220;full&#8220; animation_type=&#8220;entrance&#8220; animation=&#8220;Fade In&#8220; hover_animation=&#8220;none&#8220; alignment=&#8220;right&#8220; border_radius=&#8220;none&#8220; box_shadow=&#8220;none&#8220; image_loading=&#8220;default&#8220; max_width=&#8220;100%&#8220; max_width_mobile=&#8220;default&#8220;][vc_column_text]\n<p style=\"font-size: 12px;\">Foto: http:\/\/www.ite.waw.pl\/aktualnosci\/wiadomosci\/?ite-cms-page=2&amp;ite-cms-id=1000196<\/p>\n[\/vc_column_text][\/vc_column][\/vc_row][vc_row type=&#8220;full_width_content&#8220; full_screen_row_position=&#8220;middle&#8220; column_margin=&#8220;default&#8220; equal_height=&#8220;yes&#8220; content_placement=&#8220;top&#8220; column_direction=&#8220;default&#8220; column_direction_tablet=&#8220;default&#8220; column_direction_phone=&#8220;default&#8220; bg_color=&#8220;#ffffff&#8220; scene_position=&#8220;center&#8220; top_padding=&#8220;1%&#8220; text_color=&#8220;dark&#8220; text_align=&#8220;left&#8220; row_border_radius=&#8220;none&#8220; row_border_radius_applies=&#8220;bg&#8220; overflow=&#8220;visible&#8220; id=&#8220;contact&#8220; advanced_gradient_angle=&#8220;0&#8243; overlay_strength=&#8220;0.3&#8243; gradient_direction=&#8220;left_to_right&#8220; shape_divider_position=&#8220;bottom&#8220; bg_image_animation=&#8220;none&#8220; gradient_type=&#8220;default&#8220; shape_type=&#8220;&#8220;][vc_column column_padding=&#8220;no-extra-padding&#8220; column_padding_tablet=&#8220;inherit&#8220; column_padding_phone=&#8220;inherit&#8220; column_padding_position=&#8220;all&#8220; column_element_spacing=&#8220;default&#8220; background_color_opacity=&#8220;1&#8243; background_hover_color_opacity=&#8220;1&#8243; column_shadow=&#8220;none&#8220; column_border_radius=&#8220;none&#8220; column_link_target=&#8220;_self&#8220; column_position=&#8220;default&#8220; gradient_direction=&#8220;left_to_right&#8220; overlay_strength=&#8220;0.3&#8243; width=&#8220;1\/2&#8243; tablet_width_inherit=&#8220;default&#8220; tablet_text_alignment=&#8220;default&#8220; phone_text_alignment=&#8220;default&#8220; animation_type=&#8220;default&#8220; bg_image_animation=&#8220;none&#8220; border_type=&#8220;simple&#8220; column_border_width=&#8220;none&#8220; column_border_style=&#8220;solid&#8220;][nectar_gmap map_type=&#8220;google&#8220; zoom=&#8220;2&#8243; enable_zoom=&#8220;1&#8243; marker_style=&#8220;nectar&#8220; nectar_marker_color=&#8220;accent-color&#8220; marker_animation=&#8220;1&#8243; map_greyscale=&#8220;1&#8243; map_color=&#8220;#113d68&#8243; size=&#8220;700&#8243; map_markers=&#8220;41.92502262835013|-88.28564146441786| Lars Lighting US<br \/> 52.159926761128595|21.08941932381055| Lars Lighting Poland<br \/> 47.19976896427977|8.526786898374311| Lars Lighting Switzerland<br \/> 37.91185410997967|-0.7374941364157802| Lars Lighting Spain<br \/> 13.757322422785835|100.560090978311| Lars Lighting Thailand<br \/> 49.7463852250441|18.62149153891804| Lars Lighting Czech Republic&#8220;][\/vc_column][vc_column column_padding=&#8220;padding-4-percent&#8220; column_padding_tablet=&#8220;inherit&#8220; column_padding_phone=&#8220;padding-10-percent&#8220; column_padding_position=&#8220;left&#8220; top_margin_phone=&#8220;10%&#8220; column_element_spacing=&#8220;default&#8220; background_color_opacity=&#8220;1&#8243; background_hover_color_opacity=&#8220;1&#8243; column_shadow=&#8220;none&#8220; column_border_radius=&#8220;none&#8220; column_link_target=&#8220;_self&#8220; column_position=&#8220;default&#8220; advanced_gradient_angle=&#8220;0&#8243; gradient_direction=&#8220;left_to_right&#8220; overlay_strength=&#8220;0.3&#8243; width=&#8220;1\/4&#8243; tablet_width_inherit=&#8220;default&#8220; tablet_text_alignment=&#8220;default&#8220; phone_text_alignment=&#8220;default&#8220; animation_type=&#8220;default&#8220; bg_image_animation=&#8220;none&#8220; border_type=&#8220;simple&#8220; column_border_width=&#8220;none&#8220; column_border_style=&#8220;solid&#8220; gradient_type=&#8220;default&#8220;][vc_column_text]\n<h3><span style=\"color: #113d68;\"><strong>Kontakt<\/strong><\/span><\/h3>\n[\/vc_column_text][vc_column_text]\n<h6>Kancel\u00e1\u0159 Polska<\/h6>\n<p>ul. Zygmunta Vogla 8 (1. patro)<br \/>02-963 Var\u0161ava <br \/><span style=\"color: #333399;\"><a style=\"color: #333399;\" href=\"mailto:office@larslighting.pl\">office@larslighting.pl<\/a><\/span>[\/vc_column_text][vc_column_text]\n<h6>Registra\u010dn\u00ed \u00fadaje<\/h6>\n<p>Lars Lighting sp. z o.o.<span style=\"color: #113d68;\"><\/span><br \/>Ul. Zygmunta Vogla 8<br \/><!-- -->02\u00ad-963 Var\u0161ava<br \/><!-- -->NIP \u2013 5342502351[\/vc_column_text][vc_column_text]\n<h6>Lars Lighting \u0160pan\u011blsko<\/h6>\n<p>Lars Lighting SL<br \/>Calle Unamuno no 1, Escalera B,<br \/>Piso 3, Local 3B,Orihuela Costa, 03189, Alicante, Espa\u00f1a<br \/><span style=\"color: #333399;\"><a style=\"color: #333399;\" href=\"mailto:office@larslighting.com\">office@larslighting.com<\/a><\/span>[\/vc_column_text][vc_column_text]\n<h6>Lars Lighting \u010cesk\u00e1 republika<\/h6>\n<p>Lars Lighting s.r.o.<br \/><span class=\"cGyruf fontBodyMedium RYaupb\"><span class=\"XYuRPe\">Ostravsk\u00e1<\/span> <span class=\"XYuRPe\">594\/4<\/span><\/span> <span class=\"EmLCAe fontBodyMedium\">\u010cesk\u00fd T\u011b\u0161\u00edn,<br \/>\u010cesk\u00e1 republika<br \/><\/span><span style=\"color: #333399;\"><a style=\"color: #333399;\" href=\"mailto:office@larslighting.com\">office@larslighting.com<\/a><\/span>[\/vc_column_text][\/vc_column][vc_column column_padding=&#8220;padding-3-percent&#8220; column_padding_tablet=&#8220;inherit&#8220; column_padding_phone=&#8220;padding-10-percent&#8220; column_padding_position=&#8220;left&#8220; top_margin=&#8220;3%&#8220; column_element_spacing=&#8220;default&#8220; background_color_opacity=&#8220;1&#8243; background_hover_color_opacity=&#8220;1&#8243; column_shadow=&#8220;none&#8220; column_border_radius=&#8220;none&#8220; column_link_target=&#8220;_self&#8220; column_position=&#8220;default&#8220; advanced_gradient_angle=&#8220;0&#8243; gradient_direction=&#8220;left_to_right&#8220; overlay_strength=&#8220;0.3&#8243; width=&#8220;1\/4&#8243; tablet_width_inherit=&#8220;default&#8220; tablet_text_alignment=&#8220;default&#8220; phone_text_alignment=&#8220;default&#8220; animation_type=&#8220;default&#8220; bg_image_animation=&#8220;none&#8220; border_type=&#8220;simple&#8220; column_border_width=&#8220;none&#8220; column_border_style=&#8220;solid&#8220; gradient_type=&#8220;default&#8220;][divider line_type=&#8220;No Line&#8220; custom_height=&#8220;1%&#8220;][vc_column_text]\n<h6>Lars Lighting Spojen\u00e9 st\u00e1ty americk\u00e9<\/h6>\n<p>Lars Lighting LLC<br \/>804 Derby Course Saint Charles,<br \/>IL 60174 United States<br \/><span style=\"color: #333399;\"><a style=\"color: #333399;\" href=\"mailto:office@larslighting.us\">office@larslighting.us<\/a><\/span>[\/vc_column_text][vc_column_text]\n<h6>Lars Lighting \u0160v\u00fdcarsko<\/h6>\n<p>Lars Lighting GmbH<br \/>M\u00fchlegasse 18 \/ Geb\u00e4ude K<br \/>6340 Baar<br \/><span style=\"color: #333399;\"><a style=\"color: #333399;\" href=\"mailto:office@larslighting.com\">office@larslighting.com<\/a><\/span>[\/vc_column_text][vc_column_text]\n<h6>Lars Lighting Thajsko<\/h6>\n<p>Lars Lighting LLC<br \/><!-- -->No. 624\/115 Aspace ID, Asoke-Dindaeng Road Dindaeng district Bangkok 10400 <br \/><span style=\"color: #333399;\"><a style=\"color: #333399;\" href=\"mailto:tiger.hu@larslighting.com\">tiger.hu@larslighting.com<\/a><\/span>[\/vc_column_text][\/vc_column][\/vc_row]\n","protected":false},"excerpt":{"rendered":"<p>[vc_row type=&#8220;in_container&#8220; full_screen_row_position=&#8220;middle&#8220; column_margin=&#8220;default&#8220; column_direction=&#8220;default&#8220; column_direction_tablet=&#8220;default&#8220; column_direction_phone=&#8220;default&#8220; scene_position=&#8220;center&#8220; text_color=&#8220;dark&#8220; text_align=&#8220;left&#8220; row_border_radius=&#8220;none&#8220; row_border_radius_applies=&#8220;bg&#8220; overflow=&#8220;visible&#8220; overlay_strength=&#8220;0.3&#8243; gradient_direction=&#8220;left_to_right&#8220; shape_divider_position=&#8220;bottom&#8220; bg_image_animation=&#8220;none&#8220;][vc_column column_padding=&#8220;no-extra-padding&#8220; column_padding_tablet=&#8220;inherit&#8220; column_padding_phone=&#8220;inherit&#8220; column_padding_position=&#8220;all&#8220; column_element_spacing=&#8220;default&#8220; background_color_opacity=&#8220;1&#8243; background_hover_color_opacity=&#8220;1&#8243; column_shadow=&#8220;none&#8220; column_border_radius=&#8220;none&#8220; column_link_target=&#8220;_self&#8220; column_position=&#8220;default&#8220; gradient_direction=&#8220;left_to_right&#8220; overlay_strength=&#8220;0.3&#8243;&#8230;<\/p>\n","protected":false},"author":1,"featured_media":0,"parent":0,"menu_order":0,"comment_status":"closed","ping_status":"closed","template":"","meta":[],"_links":{"self":[{"href":"https:\/\/larslighting.com\/cs\/wp-json\/wp\/v2\/pages\/5248"}],"collection":[{"href":"https:\/\/larslighting.com\/cs\/wp-json\/wp\/v2\/pages"}],"about":[{"href":"https:\/\/larslighting.com\/cs\/wp-json\/wp\/v2\/types\/page"}],"author":[{"embeddable":true,"href":"https:\/\/larslighting.com\/cs\/wp-json\/wp\/v2\/users\/1"}],"replies":[{"embeddable":true,"href":"https:\/\/larslighting.com\/cs\/wp-json\/wp\/v2\/comments?post=5248"}],"version-history":[{"count":1,"href":"https:\/\/larslighting.com\/cs\/wp-json\/wp\/v2\/pages\/5248\/revisions"}],"predecessor-version":[{"id":5252,"href":"https:\/\/larslighting.com\/cs\/wp-json\/wp\/v2\/pages\/5248\/revisions\/5252"}],"wp:attachment":[{"href":"https:\/\/larslighting.com\/cs\/wp-json\/wp\/v2\/media?parent=5248"}],"curies":[{"name":"wp","href":"https:\/\/api.w.org\/{rel}","templated":true}]}}